{"id":2291,"date":"2022-04-26T18:10:50","date_gmt":"2022-04-26T18:10:50","guid":{"rendered":"http:\/\/store.beachclubgranfolies.com\/producto\/folies-hut\/"},"modified":"2022-04-26T18:10:50","modified_gmt":"2022-04-26T18:10:50","slug":"folies-hut","status":"publish","type":"product","link":"https:\/\/store.beachclubgranfolies.com\/de\/producto\/folies-hut\/","title":{"rendered":"Folies Hut"},"content":{"rendered":"<p>Ein Klassiker in der Kategorie H\u00fcte, ein Muss f\u00fcr Ihre Sommertage, um jeden Sonnenstrahl in aller Ruhe und ohne Kopfschmerzen zu genie\u00dfen.<br \/>\nDie Einzigartigkeit dieses Hutes liegt in der Frontstickerei, die ihn zu einem modernen Accessoire macht.<br \/>\nHergestellt aus 100% recycelten Materialien.<\/p>\n","protected":false},"excerpt":{"rendered":"<p>Ein Klassiker in der Kategorie H\u00fcte, ein Muss f\u00fcr Ihre Sommertage, um jeden Sonnenstrahl in aller Ruhe und ohne Kopfschmerzen zu genie\u00dfen.<br \/>\nDie Einzigartigkeit dieses Hutes liegt in der Frontstickerei, die ihn zu einem modernen Accessoire macht.<br \/>\nHergestellt aus 100% recycelten Materialien.<\/p>\n","protected":false},"featured_media":1900,"template":"","meta":{"_uag_custom_page_level_css":""},"product_brand":[],"product_cat":[86],"product_tag":[],"class_list":{"0":"post-2291","1":"product","2":"type-product","3":"status-publish","4":"has-post-thumbnail","6":"product_cat-beach-life-de","8":"first","9":"outofstock","10":"shipping-taxable","11":"purchasable","12":"product-type-simple","13":"layout-style-2","14":"col-md-4 col-sm-4 col-xs-6","15":"col-lg-3","16":"product-has-gallery","17":"product-style-default"},"yoast_head":"<!-- This site is optimized with the Yoast SEO plugin v25.8 - https:\/\/yoast.com\/wordpress\/plugins\/seo\/ -->\n<title>Folies Hut - Beach Club Gran Folies<\/title>\n<meta name=\"description\" content=\"Es handelt sich um einen weichen Eimerhut aus 100 % recycelten Materialien mit einem gestickten Spruch auf der Vorderseite.\" \/>\n<meta name=\"robots\" content=\"index, follow, max-snippet:-1, max-image-preview:large, max-video-preview:-1\" \/>\n<link rel=\"canonical\" href=\"https:\/\/store.beachclubgranfolies.com\/de\/producto\/folies-hut\/\" \/>\n<meta property=\"og:locale\" content=\"de_DE\" \/>\n<meta property=\"og:type\" content=\"article\" \/>\n<meta property=\"og:title\" content=\"Folies Hut - Beach Club Gran Folies\" \/>\n<meta property=\"og:description\" content=\"Es handelt sich um einen weichen Eimerhut aus 100 % recycelten Materialien mit einem gestickten Spruch auf der Vorderseite.\" \/>\n<meta property=\"og:url\" content=\"https:\/\/store.beachclubgranfolies.com\/de\/producto\/folies-hut\/\" \/>\n<meta property=\"og:site_name\" content=\"Beach Club Gran Folies\" \/>\n<meta property=\"article:publisher\" content=\"https:\/\/www.facebook.com\/beachclubgranfolies\/\" \/>\n<meta property=\"og:image\" content=\"https:\/\/store-gran-folies.s3.eu-west-1.amazonaws.com\/wp-content\/uploads\/2022\/04\/25175048\/debardeur-gorro-azul.jpg\" \/>\n\t<meta property=\"og:image:width\" content=\"1365\" \/>\n\t<meta property=\"og:image:height\" content=\"2048\" \/>\n\t<meta property=\"og:image:type\" content=\"image\/jpeg\" \/>\n<meta name=\"twitter:card\" content=\"summary_large_image\" \/>\n<meta name=\"twitter:site\" content=\"@BGranFolies\" \/>\n<script type=\"application\/ld+json\" class=\"yoast-schema-graph\">{\"@context\":\"https:\/\/schema.org\",\"@graph\":[{\"@type\":\"WebPage\",\"@id\":\"https:\/\/store.beachclubgranfolies.com\/de\/producto\/folies-hut\/\",\"url\":\"https:\/\/store.beachclubgranfolies.com\/de\/producto\/folies-hut\/\",\"name\":\"Folies Hut - Beach Club Gran Folies\",\"isPartOf\":{\"@id\":\"https:\/\/store.beachclubgranfolies.com\/#website\"},\"primaryImageOfPage\":{\"@id\":\"https:\/\/store.beachclubgranfolies.com\/de\/producto\/folies-hut\/#primaryimage\"},\"image\":{\"@id\":\"https:\/\/store.beachclubgranfolies.com\/de\/producto\/folies-hut\/#primaryimage\"},\"thumbnailUrl\":\"https:\/\/store-gran-folies.s3.eu-west-1.amazonaws.com\/wp-content\/uploads\/2022\/04\/25175048\/debardeur-gorro-azul.jpg\",\"datePublished\":\"2022-04-26T18:10:50+00:00\",\"description\":\"Es handelt sich um einen weichen Eimerhut aus 100 % recycelten Materialien mit einem gestickten Spruch auf der Vorderseite.\",\"breadcrumb\":{\"@id\":\"https:\/\/store.beachclubgranfolies.com\/de\/producto\/folies-hut\/#breadcrumb\"},\"inLanguage\":\"de\",\"potentialAction\":[{\"@type\":\"ReadAction\",\"target\":[\"https:\/\/store.beachclubgranfolies.com\/de\/producto\/folies-hut\/\"]}]},{\"@type\":\"ImageObject\",\"inLanguage\":\"de\",\"@id\":\"https:\/\/store.beachclubgranfolies.com\/de\/producto\/folies-hut\/#primaryimage\",\"url\":\"https:\/\/store-gran-folies.s3.eu-west-1.amazonaws.com\/wp-content\/uploads\/2022\/04\/25175048\/debardeur-gorro-azul.jpg\",\"contentUrl\":\"https:\/\/store-gran-folies.s3.eu-west-1.amazonaws.com\/wp-content\/uploads\/2022\/04\/25175048\/debardeur-gorro-azul.jpg\",\"width\":1365,\"height\":2048},{\"@type\":\"BreadcrumbList\",\"@id\":\"https:\/\/store.beachclubgranfolies.com\/de\/producto\/folies-hut\/#breadcrumb\",\"itemListElement\":[{\"@type\":\"ListItem\",\"position\":1,\"name\":\"Portada\",\"item\":\"https:\/\/store.beachclubgranfolies.com\/de\/\"},{\"@type\":\"ListItem\",\"position\":2,\"name\":\"Tienda\",\"item\":\"https:\/\/store.beachclubgranfolies.com\/tienda\/\"},{\"@type\":\"ListItem\",\"position\":3,\"name\":\"Folies Hut\"}]},{\"@type\":\"WebSite\",\"@id\":\"https:\/\/store.beachclubgranfolies.com\/#website\",\"url\":\"https:\/\/store.beachclubgranfolies.com\/\",\"name\":\"Store Beach Club Gran Folies\",\"description\":\"Beach Club Gran Folies es un beach club en Mallorca situado en Cala Llamp (Port d&#039;Andratx - Mallorca). Con bar - restaurante con piscina al lado del mar.\",\"potentialAction\":[{\"@type\":\"SearchAction\",\"target\":{\"@type\":\"EntryPoint\",\"urlTemplate\":\"https:\/\/store.beachclubgranfolies.com\/?s={search_term_string}\"},\"query-input\":{\"@type\":\"PropertyValueSpecification\",\"valueRequired\":true,\"valueName\":\"search_term_string\"}}],\"inLanguage\":\"de\"}]}<\/script>\n<!-- \/ Yoast SEO plugin. -->","yoast_head_json":{"title":"Folies Hut - Beach Club Gran Folies","description":"Es handelt sich um einen weichen Eimerhut aus 100 % recycelten Materialien mit einem gestickten Spruch auf der Vorderseite.","robots":{"index":"index","follow":"follow","max-snippet":"max-snippet:-1","max-image-preview":"max-image-preview:large","max-video-preview":"max-video-preview:-1"},"canonical":"https:\/\/store.beachclubgranfolies.com\/de\/producto\/folies-hut\/","og_locale":"de_DE","og_type":"article","og_title":"Folies Hut - Beach Club Gran Folies","og_description":"Es handelt sich um einen weichen Eimerhut aus 100 % recycelten Materialien mit einem gestickten Spruch auf der Vorderseite.","og_url":"https:\/\/store.beachclubgranfolies.com\/de\/producto\/folies-hut\/","og_site_name":"Beach Club Gran Folies","article_publisher":"https:\/\/www.facebook.com\/beachclubgranfolies\/","og_image":[{"width":1365,"height":2048,"url":"https:\/\/store-gran-folies.s3.eu-west-1.amazonaws.com\/wp-content\/uploads\/2022\/04\/25175048\/debardeur-gorro-azul.jpg","type":"image\/jpeg"}],"twitter_card":"summary_large_image","twitter_site":"@BGranFolies","schema":{"@context":"https:\/\/schema.org","@graph":[{"@type":"WebPage","@id":"https:\/\/store.beachclubgranfolies.com\/de\/producto\/folies-hut\/","url":"https:\/\/store.beachclubgranfolies.com\/de\/producto\/folies-hut\/","name":"Folies Hut - Beach Club Gran Folies","isPartOf":{"@id":"https:\/\/store.beachclubgranfolies.com\/#website"},"primaryImageOfPage":{"@id":"https:\/\/store.beachclubgranfolies.com\/de\/producto\/folies-hut\/#primaryimage"},"image":{"@id":"https:\/\/store.beachclubgranfolies.com\/de\/producto\/folies-hut\/#primaryimage"},"thumbnailUrl":"https:\/\/store-gran-folies.s3.eu-west-1.amazonaws.com\/wp-content\/uploads\/2022\/04\/25175048\/debardeur-gorro-azul.jpg","datePublished":"2022-04-26T18:10:50+00:00","description":"Es handelt sich um einen weichen Eimerhut aus 100 % recycelten Materialien mit einem gestickten Spruch auf der Vorderseite.","breadcrumb":{"@id":"https:\/\/store.beachclubgranfolies.com\/de\/producto\/folies-hut\/#breadcrumb"},"inLanguage":"de","potentialAction":[{"@type":"ReadAction","target":["https:\/\/store.beachclubgranfolies.com\/de\/producto\/folies-hut\/"]}]},{"@type":"ImageObject","inLanguage":"de","@id":"https:\/\/store.beachclubgranfolies.com\/de\/producto\/folies-hut\/#primaryimage","url":"https:\/\/store-gran-folies.s3.eu-west-1.amazonaws.com\/wp-content\/uploads\/2022\/04\/25175048\/debardeur-gorro-azul.jpg","contentUrl":"https:\/\/store-gran-folies.s3.eu-west-1.amazonaws.com\/wp-content\/uploads\/2022\/04\/25175048\/debardeur-gorro-azul.jpg","width":1365,"height":2048},{"@type":"BreadcrumbList","@id":"https:\/\/store.beachclubgranfolies.com\/de\/producto\/folies-hut\/#breadcrumb","itemListElement":[{"@type":"ListItem","position":1,"name":"Portada","item":"https:\/\/store.beachclubgranfolies.com\/de\/"},{"@type":"ListItem","position":2,"name":"Tienda","item":"https:\/\/store.beachclubgranfolies.com\/tienda\/"},{"@type":"ListItem","position":3,"name":"Folies Hut"}]},{"@type":"WebSite","@id":"https:\/\/store.beachclubgranfolies.com\/#website","url":"https:\/\/store.beachclubgranfolies.com\/","name":"Store Beach Club Gran Folies","description":"Beach Club Gran Folies es un beach club en Mallorca situado en Cala Llamp (Port d&#039;Andratx - Mallorca). Con bar - restaurante con piscina al lado del mar.","potentialAction":[{"@type":"SearchAction","target":{"@type":"EntryPoint","urlTemplate":"https:\/\/store.beachclubgranfolies.com\/?s={search_term_string}"},"query-input":{"@type":"PropertyValueSpecification","valueRequired":true,"valueName":"search_term_string"}}],"inLanguage":"de"}]}},"uagb_featured_image_src":{"full":["https:\/\/store-gran-folies.s3.eu-west-1.amazonaws.com\/wp-content\/uploads\/2022\/04\/25175048\/debardeur-gorro-azul.jpg",1365,2048,false],"thumbnail":["https:\/\/store-gran-folies.s3.eu-west-1.amazonaws.com\/wp-content\/uploads\/2022\/04\/25175048\/debardeur-gorro-azul-150x150.jpg",150,150,true],"medium":["https:\/\/store-gran-folies.s3.eu-west-1.amazonaws.com\/wp-content\/uploads\/2022\/04\/25175048\/debardeur-gorro-azul-200x300.jpg",200,300,true],"medium_large":["https:\/\/store-gran-folies.s3.eu-west-1.amazonaws.com\/wp-content\/uploads\/2022\/04\/25175048\/debardeur-gorro-azul-768x1152.jpg",640,960,true],"large":["https:\/\/store-gran-folies.s3.eu-west-1.amazonaws.com\/wp-content\/uploads\/2022\/04\/25175048\/debardeur-gorro-azul-683x1024.jpg",640,960,true],"1536x1536":["https:\/\/store-gran-folies.s3.eu-west-1.amazonaws.com\/wp-content\/uploads\/2022\/04\/25175048\/debardeur-gorro-azul-1024x1536.jpg",1024,1536,true],"2048x2048":["https:\/\/store-gran-folies.s3.eu-west-1.amazonaws.com\/wp-content\/uploads\/2022\/04\/25175048\/debardeur-gorro-azul.jpg",1365,2048,false],"post-thumbnail":["https:\/\/store-gran-folies.s3.eu-west-1.amazonaws.com\/wp-content\/uploads\/2022\/04\/25175048\/debardeur-gorro-azul-100x100.jpg",100,100,true],"sober-blog-thumbnail":["https:\/\/store-gran-folies.s3.eu-west-1.amazonaws.com\/wp-content\/uploads\/2022\/04\/25175048\/debardeur-gorro-azul-750x480.jpg",750,480,true],"sober-blog-grid":["https:\/\/store-gran-folies.s3.eu-west-1.amazonaws.com\/wp-content\/uploads\/2022\/04\/25175048\/debardeur-gorro-azul-360x240.jpg",360,240,true],"sober-widget-thumbnail":["https:\/\/store-gran-folies.s3.eu-west-1.amazonaws.com\/wp-content\/uploads\/2022\/04\/25175048\/debardeur-gorro-azul-100x100.jpg",100,100,true],"woocommerce_thumbnail":["https:\/\/store-gran-folies.s3.eu-west-1.amazonaws.com\/wp-content\/uploads\/2022\/04\/25175048\/debardeur-gorro-azul-500x500.jpg",500,500,true],"woocommerce_single":["https:\/\/store-gran-folies.s3.eu-west-1.amazonaws.com\/wp-content\/uploads\/2022\/04\/25175048\/debardeur-gorro-azul-600x900.jpg",600,900,true],"woocommerce_gallery_thumbnail":["https:\/\/store-gran-folies.s3.eu-west-1.amazonaws.com\/wp-content\/uploads\/2022\/04\/25175048\/debardeur-gorro-azul-80x100.jpg",80,100,true],"sober_wc_gallery_thumbnail":["https:\/\/store-gran-folies.s3.eu-west-1.amazonaws.com\/wp-content\/uploads\/2022\/04\/25175048\/debardeur-gorro-azul-160x200.jpg",160,200,true]},"uagb_author_info":{"display_name":"administrador","author_link":"https:\/\/store.beachclubgranfolies.com\/de\/author\/"},"uagb_comment_info":0,"uagb_excerpt":"Ein Klassiker in der Kategorie H\u00fcte, ein Muss f\u00fcr Ihre Sommertage, um jeden Sonnenstrahl in aller Ruhe und ohne Kopfschmerzen zu genie\u00dfen. Die Einzigartigkeit dieses Hutes liegt in der Frontstickerei, die ihn zu einem modernen Accessoire macht. Hergestellt aus 100% recycelten Materialien.","_links":{"self":[{"href":"https:\/\/store.beachclubgranfolies.com\/de\/wp-json\/wp\/v2\/product\/2291","targetHints":{"allow":["GET"]}}],"collection":[{"href":"https:\/\/store.beachclubgranfolies.com\/de\/wp-json\/wp\/v2\/product"}],"about":[{"href":"https:\/\/store.beachclubgranfolies.com\/de\/wp-json\/wp\/v2\/types\/product"}],"wp:featuredmedia":[{"embeddable":true,"href":"https:\/\/store.beachclubgranfolies.com\/de\/wp-json\/wp\/v2\/media\/1900"}],"wp:attachment":[{"href":"https:\/\/store.beachclubgranfolies.com\/de\/wp-json\/wp\/v2\/media?parent=2291"}],"wp:term":[{"taxonomy":"product_brand","embeddable":true,"href":"https:\/\/store.beachclubgranfolies.com\/de\/wp-json\/wp\/v2\/product_brand?post=2291"},{"taxonomy":"product_cat","embeddable":true,"href":"https:\/\/store.beachclubgranfolies.com\/de\/wp-json\/wp\/v2\/product_cat?post=2291"},{"taxonomy":"product_tag","embeddable":true,"href":"https:\/\/store.beachclubgranfolies.com\/de\/wp-json\/wp\/v2\/product_tag?post=2291"}],"curies":[{"name":"wp","href":"https:\/\/api.w.org\/{rel}","templated":true}]}}