{"id":1757,"date":"2022-04-27T12:30:25","date_gmt":"2022-04-21T12:30:27","guid":{"rendered":"http:\/\/store.beachclubgranfolies.com\/?post_type=product&#038;p=1757"},"modified":"2022-05-05T13:10:46","modified_gmt":"2022-05-05T13:10:46","slug":"strandkleid-von-folies","status":"publish","type":"product","link":"https:\/\/store.beachclubgranfolies.com\/de\/producto\/strandkleid-von-folies\/","title":{"rendered":"Strandkleid von Folies"},"content":{"rendered":"<p>Ein cooles Kleid f\u00fcr einen warmen Sommer. Die ausgewogene Mischung aus leichtem und atmungsaktivem Stoff, der Ihnen das einzigartige Gef\u00fchl gibt, nichts zu tragen, ist ein Kleid, das sich Ihrer Haut optimal anpasst. Unifarbener Rundhalsausschnitt, kurze \u00c4rmel, leicht tailliert, 100% Polyester.<\/p>\n","protected":false},"excerpt":{"rendered":"<p>Ein cooles Kleid f\u00fcr einen warmen Sommer. Die ausgewogene Mischung aus leichtem und atmungsaktivem Stoff, der Ihnen das einzigartige Gef\u00fchl gibt, nichts zu tragen, ist ein Kleid, das sich Ihrer Haut optimal anpasst. Unifarbener Rundhalsausschnitt, kurze \u00c4rmel, leicht tailliert, 100% Polyester.<\/p>\n","protected":false},"featured_media":1854,"template":"","meta":{"_uag_custom_page_level_css":""},"product_brand":[],"product_cat":[86,96],"product_tag":[],"class_list":{"0":"post-1757","1":"product","2":"type-product","3":"status-publish","4":"has-post-thumbnail","6":"product_cat-beach-life-de","7":"product_cat-mode","9":"first","10":"instock","11":"shipping-taxable","12":"purchasable","13":"product-type-variable","14":"layout-style-2","15":"col-md-4 col-sm-4 col-xs-6","16":"col-lg-3","17":"product-has-gallery","18":"product-style-default"},"yoast_head":"<!-- This site is optimized with the Yoast SEO plugin v25.8 - https:\/\/yoast.com\/wordpress\/plugins\/seo\/ -->\n<title>Strandkleid von Folies - Beach Club Gran Folies<\/title>\n<meta name=\"description\" content=\"Kleid mit Rundhalsausschnitt, einfarbig gestrickt, Regalan-\u00c4rmel, leicht tailliert, Kleid mit Sublimation verarbeitet\" \/>\n<meta name=\"robots\" content=\"index, follow, max-snippet:-1, max-image-preview:large, max-video-preview:-1\" \/>\n<link rel=\"canonical\" href=\"https:\/\/store.beachclubgranfolies.com\/de\/producto\/strandkleid-von-folies\/\" \/>\n<meta property=\"og:locale\" content=\"de_DE\" \/>\n<meta property=\"og:type\" content=\"article\" \/>\n<meta property=\"og:title\" content=\"Strandkleid von Folies - Beach Club Gran Folies\" \/>\n<meta property=\"og:description\" content=\"Kleid mit Rundhalsausschnitt, einfarbig gestrickt, Regalan-\u00c4rmel, leicht tailliert, Kleid mit Sublimation verarbeitet\" \/>\n<meta property=\"og:url\" content=\"https:\/\/store.beachclubgranfolies.com\/de\/producto\/strandkleid-von-folies\/\" \/>\n<meta property=\"og:site_name\" content=\"Beach Club Gran Folies\" \/>\n<meta property=\"article:publisher\" content=\"https:\/\/www.facebook.com\/beachclubgranfolies\/\" \/>\n<meta property=\"article:modified_time\" content=\"2022-05-05T13:10:46+00:00\" \/>\n<meta property=\"og:image\" content=\"https:\/\/store-gran-folies.s3.eu-west-1.amazonaws.com\/wp-content\/uploads\/2022\/04\/25141142\/vest-perfil-2.jpg\" \/>\n\t<meta property=\"og:image:width\" content=\"1365\" \/>\n\t<meta property=\"og:image:height\" content=\"2048\" \/>\n\t<meta property=\"og:image:type\" content=\"image\/jpeg\" \/>\n<meta name=\"twitter:card\" content=\"summary_large_image\" \/>\n<meta name=\"twitter:site\" content=\"@BGranFolies\" \/>\n<script type=\"application\/ld+json\" class=\"yoast-schema-graph\">{\"@context\":\"https:\/\/schema.org\",\"@graph\":[{\"@type\":\"WebPage\",\"@id\":\"https:\/\/store.beachclubgranfolies.com\/de\/producto\/strandkleid-von-folies\/\",\"url\":\"https:\/\/store.beachclubgranfolies.com\/de\/producto\/strandkleid-von-folies\/\",\"name\":\"Strandkleid von Folies - Beach Club Gran Folies\",\"isPartOf\":{\"@id\":\"https:\/\/store.beachclubgranfolies.com\/#website\"},\"primaryImageOfPage\":{\"@id\":\"https:\/\/store.beachclubgranfolies.com\/de\/producto\/strandkleid-von-folies\/#primaryimage\"},\"image\":{\"@id\":\"https:\/\/store.beachclubgranfolies.com\/de\/producto\/strandkleid-von-folies\/#primaryimage\"},\"thumbnailUrl\":\"https:\/\/store-gran-folies.s3.eu-west-1.amazonaws.com\/wp-content\/uploads\/2022\/04\/25141142\/vest-perfil-2.jpg\",\"datePublished\":\"2022-04-21T12:30:27+00:00\",\"dateModified\":\"2022-05-05T13:10:46+00:00\",\"description\":\"Kleid mit Rundhalsausschnitt, einfarbig gestrickt, Regalan-\u00c4rmel, leicht tailliert, Kleid mit Sublimation verarbeitet\",\"breadcrumb\":{\"@id\":\"https:\/\/store.beachclubgranfolies.com\/de\/producto\/strandkleid-von-folies\/#breadcrumb\"},\"inLanguage\":\"de\",\"potentialAction\":[{\"@type\":\"ReadAction\",\"target\":[\"https:\/\/store.beachclubgranfolies.com\/de\/producto\/strandkleid-von-folies\/\"]}]},{\"@type\":\"ImageObject\",\"inLanguage\":\"de\",\"@id\":\"https:\/\/store.beachclubgranfolies.com\/de\/producto\/strandkleid-von-folies\/#primaryimage\",\"url\":\"https:\/\/store-gran-folies.s3.eu-west-1.amazonaws.com\/wp-content\/uploads\/2022\/04\/25141142\/vest-perfil-2.jpg\",\"contentUrl\":\"https:\/\/store-gran-folies.s3.eu-west-1.amazonaws.com\/wp-content\/uploads\/2022\/04\/25141142\/vest-perfil-2.jpg\",\"width\":1365,\"height\":2048},{\"@type\":\"BreadcrumbList\",\"@id\":\"https:\/\/store.beachclubgranfolies.com\/de\/producto\/strandkleid-von-folies\/#breadcrumb\",\"itemListElement\":[{\"@type\":\"ListItem\",\"position\":1,\"name\":\"Portada\",\"item\":\"https:\/\/store.beachclubgranfolies.com\/de\/\"},{\"@type\":\"ListItem\",\"position\":2,\"name\":\"Tienda\",\"item\":\"https:\/\/store.beachclubgranfolies.com\/tienda\/\"},{\"@type\":\"ListItem\",\"position\":3,\"name\":\"Strandkleid von Folies\"}]},{\"@type\":\"WebSite\",\"@id\":\"https:\/\/store.beachclubgranfolies.com\/#website\",\"url\":\"https:\/\/store.beachclubgranfolies.com\/\",\"name\":\"Store Beach Club Gran Folies\",\"description\":\"Beach Club Gran Folies es un beach club en Mallorca situado en Cala Llamp (Port d&#039;Andratx - Mallorca). Con bar - restaurante con piscina al lado del mar.\",\"potentialAction\":[{\"@type\":\"SearchAction\",\"target\":{\"@type\":\"EntryPoint\",\"urlTemplate\":\"https:\/\/store.beachclubgranfolies.com\/?s={search_term_string}\"},\"query-input\":{\"@type\":\"PropertyValueSpecification\",\"valueRequired\":true,\"valueName\":\"search_term_string\"}}],\"inLanguage\":\"de\"}]}<\/script>\n<!-- \/ Yoast SEO plugin. -->","yoast_head_json":{"title":"Strandkleid von Folies - Beach Club Gran Folies","description":"Kleid mit Rundhalsausschnitt, einfarbig gestrickt, Regalan-\u00c4rmel, leicht tailliert, Kleid mit Sublimation verarbeitet","robots":{"index":"index","follow":"follow","max-snippet":"max-snippet:-1","max-image-preview":"max-image-preview:large","max-video-preview":"max-video-preview:-1"},"canonical":"https:\/\/store.beachclubgranfolies.com\/de\/producto\/strandkleid-von-folies\/","og_locale":"de_DE","og_type":"article","og_title":"Strandkleid von Folies - Beach Club Gran Folies","og_description":"Kleid mit Rundhalsausschnitt, einfarbig gestrickt, Regalan-\u00c4rmel, leicht tailliert, Kleid mit Sublimation verarbeitet","og_url":"https:\/\/store.beachclubgranfolies.com\/de\/producto\/strandkleid-von-folies\/","og_site_name":"Beach Club Gran Folies","article_publisher":"https:\/\/www.facebook.com\/beachclubgranfolies\/","article_modified_time":"2022-05-05T13:10:46+00:00","og_image":[{"width":1365,"height":2048,"url":"https:\/\/store-gran-folies.s3.eu-west-1.amazonaws.com\/wp-content\/uploads\/2022\/04\/25141142\/vest-perfil-2.jpg","type":"image\/jpeg"}],"twitter_card":"summary_large_image","twitter_site":"@BGranFolies","schema":{"@context":"https:\/\/schema.org","@graph":[{"@type":"WebPage","@id":"https:\/\/store.beachclubgranfolies.com\/de\/producto\/strandkleid-von-folies\/","url":"https:\/\/store.beachclubgranfolies.com\/de\/producto\/strandkleid-von-folies\/","name":"Strandkleid von Folies - Beach Club Gran Folies","isPartOf":{"@id":"https:\/\/store.beachclubgranfolies.com\/#website"},"primaryImageOfPage":{"@id":"https:\/\/store.beachclubgranfolies.com\/de\/producto\/strandkleid-von-folies\/#primaryimage"},"image":{"@id":"https:\/\/store.beachclubgranfolies.com\/de\/producto\/strandkleid-von-folies\/#primaryimage"},"thumbnailUrl":"https:\/\/store-gran-folies.s3.eu-west-1.amazonaws.com\/wp-content\/uploads\/2022\/04\/25141142\/vest-perfil-2.jpg","datePublished":"2022-04-21T12:30:27+00:00","dateModified":"2022-05-05T13:10:46+00:00","description":"Kleid mit Rundhalsausschnitt, einfarbig gestrickt, Regalan-\u00c4rmel, leicht tailliert, Kleid mit Sublimation verarbeitet","breadcrumb":{"@id":"https:\/\/store.beachclubgranfolies.com\/de\/producto\/strandkleid-von-folies\/#breadcrumb"},"inLanguage":"de","potentialAction":[{"@type":"ReadAction","target":["https:\/\/store.beachclubgranfolies.com\/de\/producto\/strandkleid-von-folies\/"]}]},{"@type":"ImageObject","inLanguage":"de","@id":"https:\/\/store.beachclubgranfolies.com\/de\/producto\/strandkleid-von-folies\/#primaryimage","url":"https:\/\/store-gran-folies.s3.eu-west-1.amazonaws.com\/wp-content\/uploads\/2022\/04\/25141142\/vest-perfil-2.jpg","contentUrl":"https:\/\/store-gran-folies.s3.eu-west-1.amazonaws.com\/wp-content\/uploads\/2022\/04\/25141142\/vest-perfil-2.jpg","width":1365,"height":2048},{"@type":"BreadcrumbList","@id":"https:\/\/store.beachclubgranfolies.com\/de\/producto\/strandkleid-von-folies\/#breadcrumb","itemListElement":[{"@type":"ListItem","position":1,"name":"Portada","item":"https:\/\/store.beachclubgranfolies.com\/de\/"},{"@type":"ListItem","position":2,"name":"Tienda","item":"https:\/\/store.beachclubgranfolies.com\/tienda\/"},{"@type":"ListItem","position":3,"name":"Strandkleid von Folies"}]},{"@type":"WebSite","@id":"https:\/\/store.beachclubgranfolies.com\/#website","url":"https:\/\/store.beachclubgranfolies.com\/","name":"Store Beach Club Gran Folies","description":"Beach Club Gran Folies es un beach club en Mallorca situado en Cala Llamp (Port d&#039;Andratx - Mallorca). Con bar - restaurante con piscina al lado del mar.","potentialAction":[{"@type":"SearchAction","target":{"@type":"EntryPoint","urlTemplate":"https:\/\/store.beachclubgranfolies.com\/?s={search_term_string}"},"query-input":{"@type":"PropertyValueSpecification","valueRequired":true,"valueName":"search_term_string"}}],"inLanguage":"de"}]}},"uagb_featured_image_src":{"full":["https:\/\/store-gran-folies.s3.eu-west-1.amazonaws.com\/wp-content\/uploads\/2022\/04\/25141142\/vest-perfil-2.jpg",1365,2048,false],"thumbnail":["https:\/\/store-gran-folies.s3.eu-west-1.amazonaws.com\/wp-content\/uploads\/2022\/04\/25141142\/vest-perfil-2-150x150.jpg",150,150,true],"medium":["https:\/\/store-gran-folies.s3.eu-west-1.amazonaws.com\/wp-content\/uploads\/2022\/04\/25141142\/vest-perfil-2-200x300.jpg",200,300,true],"medium_large":["https:\/\/store-gran-folies.s3.eu-west-1.amazonaws.com\/wp-content\/uploads\/2022\/04\/25141142\/vest-perfil-2-768x1152.jpg",640,960,true],"large":["https:\/\/store-gran-folies.s3.eu-west-1.amazonaws.com\/wp-content\/uploads\/2022\/04\/25141142\/vest-perfil-2-683x1024.jpg",640,960,true],"1536x1536":["https:\/\/store-gran-folies.s3.eu-west-1.amazonaws.com\/wp-content\/uploads\/2022\/04\/25141142\/vest-perfil-2-1024x1536.jpg",1024,1536,true],"2048x2048":["https:\/\/store-gran-folies.s3.eu-west-1.amazonaws.com\/wp-content\/uploads\/2022\/04\/25141142\/vest-perfil-2.jpg",1365,2048,false],"post-thumbnail":["https:\/\/store-gran-folies.s3.eu-west-1.amazonaws.com\/wp-content\/uploads\/2022\/04\/25141142\/vest-perfil-2-100x100.jpg",100,100,true],"sober-blog-thumbnail":["https:\/\/store-gran-folies.s3.eu-west-1.amazonaws.com\/wp-content\/uploads\/2022\/04\/25141142\/vest-perfil-2-750x480.jpg",750,480,true],"sober-blog-grid":["https:\/\/store-gran-folies.s3.eu-west-1.amazonaws.com\/wp-content\/uploads\/2022\/04\/25141142\/vest-perfil-2-360x240.jpg",360,240,true],"sober-widget-thumbnail":["https:\/\/store-gran-folies.s3.eu-west-1.amazonaws.com\/wp-content\/uploads\/2022\/04\/25141142\/vest-perfil-2-100x100.jpg",100,100,true],"woocommerce_thumbnail":["https:\/\/store-gran-folies.s3.eu-west-1.amazonaws.com\/wp-content\/uploads\/2022\/04\/25141142\/vest-perfil-2-500x500.jpg",500,500,true],"woocommerce_single":["https:\/\/store-gran-folies.s3.eu-west-1.amazonaws.com\/wp-content\/uploads\/2022\/04\/25141142\/vest-perfil-2-600x900.jpg",600,900,true],"woocommerce_gallery_thumbnail":["https:\/\/store-gran-folies.s3.eu-west-1.amazonaws.com\/wp-content\/uploads\/2022\/04\/25141142\/vest-perfil-2-80x100.jpg",80,100,true],"sober_wc_gallery_thumbnail":["https:\/\/store-gran-folies.s3.eu-west-1.amazonaws.com\/wp-content\/uploads\/2022\/04\/25141142\/vest-perfil-2-160x200.jpg",160,200,true]},"uagb_author_info":{"display_name":"administrador","author_link":"https:\/\/store.beachclubgranfolies.com\/de\/author\/"},"uagb_comment_info":0,"uagb_excerpt":"Ein cooles Kleid f\u00fcr einen warmen Sommer. Die ausgewogene Mischung aus leichtem und atmungsaktivem Stoff, der Ihnen das einzigartige Gef\u00fchl gibt, nichts zu tragen, ist ein Kleid, das sich Ihrer Haut optimal anpasst. Unifarbener Rundhalsausschnitt, kurze \u00c4rmel, leicht tailliert, 100% Polyester.","_links":{"self":[{"href":"https:\/\/store.beachclubgranfolies.com\/de\/wp-json\/wp\/v2\/product\/1757","targetHints":{"allow":["GET"]}}],"collection":[{"href":"https:\/\/store.beachclubgranfolies.com\/de\/wp-json\/wp\/v2\/product"}],"about":[{"href":"https:\/\/store.beachclubgranfolies.com\/de\/wp-json\/wp\/v2\/types\/product"}],"wp:featuredmedia":[{"embeddable":true,"href":"https:\/\/store.beachclubgranfolies.com\/de\/wp-json\/wp\/v2\/media\/1854"}],"wp:attachment":[{"href":"https:\/\/store.beachclubgranfolies.com\/de\/wp-json\/wp\/v2\/media?parent=1757"}],"wp:term":[{"taxonomy":"product_brand","embeddable":true,"href":"https:\/\/store.beachclubgranfolies.com\/de\/wp-json\/wp\/v2\/product_brand?post=1757"},{"taxonomy":"product_cat","embeddable":true,"href":"https:\/\/store.beachclubgranfolies.com\/de\/wp-json\/wp\/v2\/product_cat?post=1757"},{"taxonomy":"product_tag","embeddable":true,"href":"https:\/\/store.beachclubgranfolies.com\/de\/wp-json\/wp\/v2\/product_tag?post=1757"}],"curies":[{"name":"wp","href":"https:\/\/api.w.org\/{rel}","templated":true}]}}