{"id":1111,"date":"2021-04-29T10:36:55","date_gmt":"2021-04-29T10:36:57","guid":{"rendered":"http:\/\/store.beachclubgranfolies.com\/?post_type=product&#038;p=1111"},"modified":"2021-04-29T13:32:28","modified_gmt":"2021-04-29T13:32:28","slug":"brauner-korbe","status":"publish","type":"product","link":"https:\/\/store.beachclubgranfolies.com\/de\/producto\/brauner-korbe\/","title":{"rendered":"Brauner K\u00f6rbe"},"content":{"rendered":"<p>Von Hand gefertigter, geflochtener Weidenkorb mit nat\u00fcrlichen Materialien, Markendetails und einklappbaren Ledergriffen. Da es von Hand gefertigt wird, k\u00f6nnen die Gr\u00f6\u00dfe und das Material in Form und Farbe variieren. In verschiedenen Farben erh\u00e4ltlich.<\/p>\n<p>H\u00f6he 25cm &#8211; L\u00e4nge 49cm &#8211; Breite 21cm<\/p>\n","protected":false},"excerpt":{"rendered":"<p>Von Hand gefertigter, geflochtener Weidenkorb mit nat\u00fcrlichen Materialien, Markendetails und einklappbaren Ledergriffen. Da es von Hand gefertigt wird, k\u00f6nnen die Gr\u00f6\u00dfe und das Material in Form und Farbe variieren. In verschiedenen Farben erh\u00e4ltlich.<\/p>\n","protected":false},"featured_media":2062,"template":"","meta":{"_uag_custom_page_level_css":""},"product_brand":[],"product_cat":[86],"product_tag":[],"class_list":{"0":"post-1111","1":"product","2":"type-product","3":"status-publish","4":"has-post-thumbnail","6":"product_cat-beach-life-de","8":"first","9":"instock","10":"shipping-taxable","11":"purchasable","12":"product-type-simple","13":"layout-style-2","14":"col-md-4 col-sm-4 col-xs-6","15":"col-lg-3","16":"product-has-gallery","17":"product-style-default"},"yoast_head":"<!-- This site is optimized with the Yoast SEO plugin v25.8 - https:\/\/yoast.com\/wordpress\/plugins\/seo\/ -->\n<title>Brauner K\u00f6rbe - Beach Club Gran Folies<\/title>\n<meta name=\"description\" content=\"Von Hand gefertigter, geflochtener Weidenkorb mit nat\u00fcrlichen Materialien, Markendetails und einklappbaren Ledergriffen. Da es von Hand gefertigt wird, k\u00f6nnen die Gr\u00f6\u00dfe und das Material in Form und Farbe variieren. In verschiedenen Farben erh\u00e4ltlich.\" \/>\n<meta name=\"robots\" content=\"index, follow, max-snippet:-1, max-image-preview:large, max-video-preview:-1\" \/>\n<link rel=\"canonical\" href=\"https:\/\/store.beachclubgranfolies.com\/de\/producto\/brauner-korbe\/\" \/>\n<meta property=\"og:locale\" content=\"de_DE\" \/>\n<meta property=\"og:type\" content=\"article\" \/>\n<meta property=\"og:title\" content=\"Brauner K\u00f6rbe - Beach Club Gran Folies\" \/>\n<meta property=\"og:description\" content=\"Von Hand gefertigter, geflochtener Weidenkorb mit nat\u00fcrlichen Materialien, Markendetails und einklappbaren Ledergriffen. Da es von Hand gefertigt wird, k\u00f6nnen die Gr\u00f6\u00dfe und das Material in Form und Farbe variieren. In verschiedenen Farben erh\u00e4ltlich.\" \/>\n<meta property=\"og:url\" content=\"https:\/\/store.beachclubgranfolies.com\/de\/producto\/brauner-korbe\/\" \/>\n<meta property=\"og:site_name\" content=\"Beach Club Gran Folies\" \/>\n<meta property=\"article:publisher\" content=\"https:\/\/www.facebook.com\/beachclubgranfolies\/\" \/>\n<meta property=\"article:modified_time\" content=\"2021-04-29T13:32:28+00:00\" \/>\n<meta property=\"og:image\" content=\"https:\/\/store-gran-folies.s3.eu-west-1.amazonaws.com\/wp-content\/uploads\/2021\/04\/25203201\/cesta-sola-negra.jpg\" \/>\n\t<meta property=\"og:image:width\" content=\"1365\" \/>\n\t<meta property=\"og:image:height\" content=\"2048\" \/>\n\t<meta property=\"og:image:type\" content=\"image\/jpeg\" \/>\n<meta name=\"twitter:card\" content=\"summary_large_image\" \/>\n<meta name=\"twitter:site\" content=\"@BGranFolies\" \/>\n<script type=\"application\/ld+json\" class=\"yoast-schema-graph\">{\"@context\":\"https:\/\/schema.org\",\"@graph\":[{\"@type\":\"WebPage\",\"@id\":\"https:\/\/store.beachclubgranfolies.com\/de\/producto\/brauner-korbe\/\",\"url\":\"https:\/\/store.beachclubgranfolies.com\/de\/producto\/brauner-korbe\/\",\"name\":\"Brauner K\u00f6rbe - Beach Club Gran Folies\",\"isPartOf\":{\"@id\":\"https:\/\/store.beachclubgranfolies.com\/#website\"},\"primaryImageOfPage\":{\"@id\":\"https:\/\/store.beachclubgranfolies.com\/de\/producto\/brauner-korbe\/#primaryimage\"},\"image\":{\"@id\":\"https:\/\/store.beachclubgranfolies.com\/de\/producto\/brauner-korbe\/#primaryimage\"},\"thumbnailUrl\":\"https:\/\/store-gran-folies.s3.eu-west-1.amazonaws.com\/wp-content\/uploads\/2021\/04\/25203201\/cesta-sola-negra.jpg\",\"datePublished\":\"2021-04-29T10:36:57+00:00\",\"dateModified\":\"2021-04-29T13:32:28+00:00\",\"description\":\"Von Hand gefertigter, geflochtener Weidenkorb mit nat\u00fcrlichen Materialien, Markendetails und einklappbaren Ledergriffen. Da es von Hand gefertigt wird, k\u00f6nnen die Gr\u00f6\u00dfe und das Material in Form und Farbe variieren. In verschiedenen Farben erh\u00e4ltlich.\",\"breadcrumb\":{\"@id\":\"https:\/\/store.beachclubgranfolies.com\/de\/producto\/brauner-korbe\/#breadcrumb\"},\"inLanguage\":\"de\",\"potentialAction\":[{\"@type\":\"ReadAction\",\"target\":[\"https:\/\/store.beachclubgranfolies.com\/de\/producto\/brauner-korbe\/\"]}]},{\"@type\":\"ImageObject\",\"inLanguage\":\"de\",\"@id\":\"https:\/\/store.beachclubgranfolies.com\/de\/producto\/brauner-korbe\/#primaryimage\",\"url\":\"https:\/\/store-gran-folies.s3.eu-west-1.amazonaws.com\/wp-content\/uploads\/2021\/04\/25203201\/cesta-sola-negra.jpg\",\"contentUrl\":\"https:\/\/store-gran-folies.s3.eu-west-1.amazonaws.com\/wp-content\/uploads\/2021\/04\/25203201\/cesta-sola-negra.jpg\",\"width\":1365,\"height\":2048},{\"@type\":\"BreadcrumbList\",\"@id\":\"https:\/\/store.beachclubgranfolies.com\/de\/producto\/brauner-korbe\/#breadcrumb\",\"itemListElement\":[{\"@type\":\"ListItem\",\"position\":1,\"name\":\"Portada\",\"item\":\"https:\/\/store.beachclubgranfolies.com\/de\/\"},{\"@type\":\"ListItem\",\"position\":2,\"name\":\"Tienda\",\"item\":\"https:\/\/store.beachclubgranfolies.com\/tienda\/\"},{\"@type\":\"ListItem\",\"position\":3,\"name\":\"Brauner K\u00f6rbe\"}]},{\"@type\":\"WebSite\",\"@id\":\"https:\/\/store.beachclubgranfolies.com\/#website\",\"url\":\"https:\/\/store.beachclubgranfolies.com\/\",\"name\":\"Store Beach Club Gran Folies\",\"description\":\"Beach Club Gran Folies es un beach club en Mallorca situado en Cala Llamp (Port d&#039;Andratx - Mallorca). Con bar - restaurante con piscina al lado del mar.\",\"potentialAction\":[{\"@type\":\"SearchAction\",\"target\":{\"@type\":\"EntryPoint\",\"urlTemplate\":\"https:\/\/store.beachclubgranfolies.com\/?s={search_term_string}\"},\"query-input\":{\"@type\":\"PropertyValueSpecification\",\"valueRequired\":true,\"valueName\":\"search_term_string\"}}],\"inLanguage\":\"de\"}]}<\/script>\n<!-- \/ Yoast SEO plugin. -->","yoast_head_json":{"title":"Brauner K\u00f6rbe - Beach Club Gran Folies","description":"Von Hand gefertigter, geflochtener Weidenkorb mit nat\u00fcrlichen Materialien, Markendetails und einklappbaren Ledergriffen. Da es von Hand gefertigt wird, k\u00f6nnen die Gr\u00f6\u00dfe und das Material in Form und Farbe variieren. In verschiedenen Farben erh\u00e4ltlich.","robots":{"index":"index","follow":"follow","max-snippet":"max-snippet:-1","max-image-preview":"max-image-preview:large","max-video-preview":"max-video-preview:-1"},"canonical":"https:\/\/store.beachclubgranfolies.com\/de\/producto\/brauner-korbe\/","og_locale":"de_DE","og_type":"article","og_title":"Brauner K\u00f6rbe - Beach Club Gran Folies","og_description":"Von Hand gefertigter, geflochtener Weidenkorb mit nat\u00fcrlichen Materialien, Markendetails und einklappbaren Ledergriffen. Da es von Hand gefertigt wird, k\u00f6nnen die Gr\u00f6\u00dfe und das Material in Form und Farbe variieren. In verschiedenen Farben erh\u00e4ltlich.","og_url":"https:\/\/store.beachclubgranfolies.com\/de\/producto\/brauner-korbe\/","og_site_name":"Beach Club Gran Folies","article_publisher":"https:\/\/www.facebook.com\/beachclubgranfolies\/","article_modified_time":"2021-04-29T13:32:28+00:00","og_image":[{"width":1365,"height":2048,"url":"https:\/\/store-gran-folies.s3.eu-west-1.amazonaws.com\/wp-content\/uploads\/2021\/04\/25203201\/cesta-sola-negra.jpg","type":"image\/jpeg"}],"twitter_card":"summary_large_image","twitter_site":"@BGranFolies","schema":{"@context":"https:\/\/schema.org","@graph":[{"@type":"WebPage","@id":"https:\/\/store.beachclubgranfolies.com\/de\/producto\/brauner-korbe\/","url":"https:\/\/store.beachclubgranfolies.com\/de\/producto\/brauner-korbe\/","name":"Brauner K\u00f6rbe - Beach Club Gran Folies","isPartOf":{"@id":"https:\/\/store.beachclubgranfolies.com\/#website"},"primaryImageOfPage":{"@id":"https:\/\/store.beachclubgranfolies.com\/de\/producto\/brauner-korbe\/#primaryimage"},"image":{"@id":"https:\/\/store.beachclubgranfolies.com\/de\/producto\/brauner-korbe\/#primaryimage"},"thumbnailUrl":"https:\/\/store-gran-folies.s3.eu-west-1.amazonaws.com\/wp-content\/uploads\/2021\/04\/25203201\/cesta-sola-negra.jpg","datePublished":"2021-04-29T10:36:57+00:00","dateModified":"2021-04-29T13:32:28+00:00","description":"Von Hand gefertigter, geflochtener Weidenkorb mit nat\u00fcrlichen Materialien, Markendetails und einklappbaren Ledergriffen. Da es von Hand gefertigt wird, k\u00f6nnen die Gr\u00f6\u00dfe und das Material in Form und Farbe variieren. In verschiedenen Farben erh\u00e4ltlich.","breadcrumb":{"@id":"https:\/\/store.beachclubgranfolies.com\/de\/producto\/brauner-korbe\/#breadcrumb"},"inLanguage":"de","potentialAction":[{"@type":"ReadAction","target":["https:\/\/store.beachclubgranfolies.com\/de\/producto\/brauner-korbe\/"]}]},{"@type":"ImageObject","inLanguage":"de","@id":"https:\/\/store.beachclubgranfolies.com\/de\/producto\/brauner-korbe\/#primaryimage","url":"https:\/\/store-gran-folies.s3.eu-west-1.amazonaws.com\/wp-content\/uploads\/2021\/04\/25203201\/cesta-sola-negra.jpg","contentUrl":"https:\/\/store-gran-folies.s3.eu-west-1.amazonaws.com\/wp-content\/uploads\/2021\/04\/25203201\/cesta-sola-negra.jpg","width":1365,"height":2048},{"@type":"BreadcrumbList","@id":"https:\/\/store.beachclubgranfolies.com\/de\/producto\/brauner-korbe\/#breadcrumb","itemListElement":[{"@type":"ListItem","position":1,"name":"Portada","item":"https:\/\/store.beachclubgranfolies.com\/de\/"},{"@type":"ListItem","position":2,"name":"Tienda","item":"https:\/\/store.beachclubgranfolies.com\/tienda\/"},{"@type":"ListItem","position":3,"name":"Brauner K\u00f6rbe"}]},{"@type":"WebSite","@id":"https:\/\/store.beachclubgranfolies.com\/#website","url":"https:\/\/store.beachclubgranfolies.com\/","name":"Store Beach Club Gran Folies","description":"Beach Club Gran Folies es un beach club en Mallorca situado en Cala Llamp (Port d&#039;Andratx - Mallorca). Con bar - restaurante con piscina al lado del mar.","potentialAction":[{"@type":"SearchAction","target":{"@type":"EntryPoint","urlTemplate":"https:\/\/store.beachclubgranfolies.com\/?s={search_term_string}"},"query-input":{"@type":"PropertyValueSpecification","valueRequired":true,"valueName":"search_term_string"}}],"inLanguage":"de"}]}},"uagb_featured_image_src":{"full":["https:\/\/store-gran-folies.s3.eu-west-1.amazonaws.com\/wp-content\/uploads\/2021\/04\/25203201\/cesta-sola-negra.jpg",1365,2048,false],"thumbnail":["https:\/\/store-gran-folies.s3.eu-west-1.amazonaws.com\/wp-content\/uploads\/2021\/04\/25203201\/cesta-sola-negra-150x150.jpg",150,150,true],"medium":["https:\/\/store-gran-folies.s3.eu-west-1.amazonaws.com\/wp-content\/uploads\/2021\/04\/25203201\/cesta-sola-negra-200x300.jpg",200,300,true],"medium_large":["https:\/\/store-gran-folies.s3.eu-west-1.amazonaws.com\/wp-content\/uploads\/2021\/04\/25203201\/cesta-sola-negra-768x1152.jpg",640,960,true],"large":["https:\/\/store-gran-folies.s3.eu-west-1.amazonaws.com\/wp-content\/uploads\/2021\/04\/25203201\/cesta-sola-negra-683x1024.jpg",640,960,true],"1536x1536":["https:\/\/store-gran-folies.s3.eu-west-1.amazonaws.com\/wp-content\/uploads\/2021\/04\/25203201\/cesta-sola-negra-1024x1536.jpg",1024,1536,true],"2048x2048":["https:\/\/store-gran-folies.s3.eu-west-1.amazonaws.com\/wp-content\/uploads\/2021\/04\/25203201\/cesta-sola-negra.jpg",1365,2048,false],"post-thumbnail":["https:\/\/store-gran-folies.s3.eu-west-1.amazonaws.com\/wp-content\/uploads\/2021\/04\/25203201\/cesta-sola-negra-100x100.jpg",100,100,true],"sober-blog-thumbnail":["https:\/\/store-gran-folies.s3.eu-west-1.amazonaws.com\/wp-content\/uploads\/2021\/04\/25203201\/cesta-sola-negra-750x480.jpg",750,480,true],"sober-blog-grid":["https:\/\/store-gran-folies.s3.eu-west-1.amazonaws.com\/wp-content\/uploads\/2021\/04\/25203201\/cesta-sola-negra-360x240.jpg",360,240,true],"sober-widget-thumbnail":["https:\/\/store-gran-folies.s3.eu-west-1.amazonaws.com\/wp-content\/uploads\/2021\/04\/25203201\/cesta-sola-negra-100x100.jpg",100,100,true],"woocommerce_thumbnail":["https:\/\/store-gran-folies.s3.eu-west-1.amazonaws.com\/wp-content\/uploads\/2021\/04\/25203201\/cesta-sola-negra-500x500.jpg",500,500,true],"woocommerce_single":["https:\/\/store-gran-folies.s3.eu-west-1.amazonaws.com\/wp-content\/uploads\/2021\/04\/25203201\/cesta-sola-negra-600x900.jpg",600,900,true],"woocommerce_gallery_thumbnail":["https:\/\/store-gran-folies.s3.eu-west-1.amazonaws.com\/wp-content\/uploads\/2021\/04\/25203201\/cesta-sola-negra-80x100.jpg",80,100,true],"sober_wc_gallery_thumbnail":["https:\/\/store-gran-folies.s3.eu-west-1.amazonaws.com\/wp-content\/uploads\/2021\/04\/25203201\/cesta-sola-negra-160x200.jpg",160,200,true]},"uagb_author_info":{"display_name":"administrador","author_link":"https:\/\/store.beachclubgranfolies.com\/de\/author\/"},"uagb_comment_info":0,"uagb_excerpt":"Von Hand gefertigter, geflochtener Weidenkorb mit nat\u00fcrlichen Materialien, Markendetails und einklappbaren Ledergriffen. Da es von Hand gefertigt wird, k\u00f6nnen die Gr\u00f6\u00dfe und das Material in Form und Farbe variieren. In verschiedenen Farben erh\u00e4ltlich.","_links":{"self":[{"href":"https:\/\/store.beachclubgranfolies.com\/de\/wp-json\/wp\/v2\/product\/1111","targetHints":{"allow":["GET"]}}],"collection":[{"href":"https:\/\/store.beachclubgranfolies.com\/de\/wp-json\/wp\/v2\/product"}],"about":[{"href":"https:\/\/store.beachclubgranfolies.com\/de\/wp-json\/wp\/v2\/types\/product"}],"wp:featuredmedia":[{"embeddable":true,"href":"https:\/\/store.beachclubgranfolies.com\/de\/wp-json\/wp\/v2\/media\/2062"}],"wp:attachment":[{"href":"https:\/\/store.beachclubgranfolies.com\/de\/wp-json\/wp\/v2\/media?parent=1111"}],"wp:term":[{"taxonomy":"product_brand","embeddable":true,"href":"https:\/\/store.beachclubgranfolies.com\/de\/wp-json\/wp\/v2\/product_brand?post=1111"},{"taxonomy":"product_cat","embeddable":true,"href":"https:\/\/store.beachclubgranfolies.com\/de\/wp-json\/wp\/v2\/product_cat?post=1111"},{"taxonomy":"product_tag","embeddable":true,"href":"https:\/\/store.beachclubgranfolies.com\/de\/wp-json\/wp\/v2\/product_tag?post=1111"}],"curies":[{"name":"wp","href":"https:\/\/api.w.org\/{rel}","templated":true}]}}