{"id":511,"date":"2021-04-11T16:04:17","date_gmt":"2021-04-11T16:04:17","guid":{"rendered":"http:\/\/store.beachclubgranfolies.com\/ueber-uns\/"},"modified":"2021-04-11T16:04:18","modified_gmt":"2021-04-11T16:04:18","slug":"ueber-uns","status":"publish","type":"page","link":"https:\/\/store.beachclubgranfolies.com\/de\/ueber-uns\/","title":{"rendered":"\u00dcber uns"},"content":{"rendered":"\t\t<div data-elementor-type=\"wp-page\" data-elementor-id=\"511\" class=\"elementor elementor-511 elementor-39\" data-elementor-post-type=\"page\">\n\t\t\t\t\t\t<section class=\"elementor-section elementor-top-section elementor-element elementor-element-b717ffc elementor-section-full_width elementor-section-height-default elementor-section-height-default\" data-id=\"b717ffc\" data-element_type=\"section\">\n\t\t\t\t\t\t<div class=\"elementor-container elementor-column-gap-extended\">\n\t\t\t\t\t<div class=\"elementor-column elementor-col-50 elementor-top-column elementor-element elementor-element-6cdf2bb\" data-id=\"6cdf2bb\" data-element_type=\"column\">\n\t\t\t<div class=\"elementor-widget-wrap elementor-element-populated\">\n\t\t\t\t\t\t<div class=\"elementor-element elementor-element-25505ec elementor-widget elementor-widget-heading\" data-id=\"25505ec\" data-element_type=\"widget\" data-widget_type=\"heading.default\">\n\t\t\t\t<div class=\"elementor-widget-container\">\n\t\t\t\t\t<h2 class=\"elementor-heading-title elementor-size-default\">\u00dcber uns<\/h2>\t\t\t\t<\/div>\n\t\t\t\t<\/div>\n\t\t\t\t<div class=\"elementor-element elementor-element-c3ad3d9 elementor-widget elementor-widget-text-editor\" data-id=\"c3ad3d9\" data-element_type=\"widget\" data-widget_type=\"text-editor.default\">\n\t\t\t\t<div class=\"elementor-widget-container\">\n\t\t\t\t\t\t\t\t\t<p><b>Willkommen im Beach Club Gran Folies Shop!<\/b><\/p>\n\t\t\t\t\t\t\t\t<\/div>\n\t\t\t\t<\/div>\n\t\t\t\t<div class=\"elementor-element elementor-element-52c0416 elementor-widget elementor-widget-text-editor\" data-id=\"52c0416\" data-element_type=\"widget\" data-widget_type=\"text-editor.default\">\n\t\t\t\t<div class=\"elementor-widget-container\">\n\t\t\t\t\t\t\t\t\t<p>Ein Raum, der den Lebensstil in unserem mediterranen Paradies widerspiegelt. Mit mehr als 20 Jahren einzigartiger Erlebnisse an der K\u00fcste von Cala Llamp wurde der Folies Shop mit dem Ziel gegr\u00fcndet, die Folies-Essenz \u00fcber unseren Beach Club hinaus zu verbreiten.<\/p>\n\t\t\t\t\t\t\t\t<\/div>\n\t\t\t\t<\/div>\n\t\t\t\t\t<\/div>\n\t\t<\/div>\n\t\t\t\t<div class=\"elementor-column elementor-col-50 elementor-top-column elementor-element elementor-element-2e8131e\" data-id=\"2e8131e\" data-element_type=\"column\">\n\t\t\t<div class=\"elementor-widget-wrap\">\n\t\t\t\t\t\t\t<\/div>\n\t\t<\/div>\n\t\t\t\t\t<\/div>\n\t\t<\/section>\n\t\t\t\t<\/div>\n\t\t","protected":false},"excerpt":{"rendered":"<p>\u00dcber uns Willkommen im Beach Club Gran Folies Shop! Ein Raum, der den Lebensstil in unserem mediterranen Paradies widerspiegelt. Mit mehr als 20 Jahren einzigartiger Erlebnisse an der K\u00fcste von&hellip;<\/p>\n","protected":false},"author":1,"featured_media":370,"parent":0,"menu_order":0,"comment_status":"closed","ping_status":"closed","template":"","meta":{"_uag_custom_page_level_css":"","footnotes":""},"class_list":["post-511","page","type-page","status-publish","has-post-thumbnail","hentry"],"yoast_head":"<!-- This site is optimized with the Yoast SEO plugin v25.8 - https:\/\/yoast.com\/wordpress\/plugins\/seo\/ -->\n<title>\u00dcber uns - Beach Club Gran Folies<\/title>\n<meta name=\"robots\" content=\"index, follow, max-snippet:-1, max-image-preview:large, max-video-preview:-1\" \/>\n<link rel=\"canonical\" href=\"https:\/\/store.beachclubgranfolies.com\/de\/ueber-uns\/\" \/>\n<meta property=\"og:locale\" content=\"de_DE\" \/>\n<meta property=\"og:type\" content=\"article\" \/>\n<meta property=\"og:title\" content=\"\u00dcber uns - Beach Club Gran Folies\" \/>\n<meta property=\"og:description\" content=\"\u00dcber uns Willkommen im Beach Club Gran Folies Shop! Ein Raum, der den Lebensstil in unserem mediterranen Paradies widerspiegelt. Mit mehr als 20 Jahren einzigartiger Erlebnisse an der K\u00fcste von&hellip;\" \/>\n<meta property=\"og:url\" content=\"https:\/\/store.beachclubgranfolies.com\/de\/ueber-uns\/\" \/>\n<meta property=\"og:site_name\" content=\"Beach Club Gran Folies\" \/>\n<meta property=\"article:publisher\" content=\"https:\/\/www.facebook.com\/beachclubgranfolies\/\" \/>\n<meta property=\"article:modified_time\" content=\"2021-04-11T16:04:18+00:00\" \/>\n<meta property=\"og:image\" content=\"https:\/\/store-gran-folies.s3.eu-west-1.amazonaws.com\/wp-content\/uploads\/2021\/03\/22093749\/about-us-v2-bg_usKTQ-MwM.jpg\" \/>\n\t<meta property=\"og:image:width\" content=\"1920\" \/>\n\t<meta property=\"og:image:height\" content=\"1080\" \/>\n\t<meta property=\"og:image:type\" content=\"image\/jpeg\" \/>\n<meta name=\"twitter:card\" content=\"summary_large_image\" \/>\n<meta name=\"twitter:site\" content=\"@BGranFolies\" \/>\n<script type=\"application\/ld+json\" class=\"yoast-schema-graph\">{\"@context\":\"https:\/\/schema.org\",\"@graph\":[{\"@type\":\"WebPage\",\"@id\":\"https:\/\/store.beachclubgranfolies.com\/de\/ueber-uns\/\",\"url\":\"https:\/\/store.beachclubgranfolies.com\/de\/ueber-uns\/\",\"name\":\"\u00dcber uns - Beach Club Gran Folies\",\"isPartOf\":{\"@id\":\"https:\/\/store.beachclubgranfolies.com\/#website\"},\"primaryImageOfPage\":{\"@id\":\"https:\/\/store.beachclubgranfolies.com\/de\/ueber-uns\/#primaryimage\"},\"image\":{\"@id\":\"https:\/\/store.beachclubgranfolies.com\/de\/ueber-uns\/#primaryimage\"},\"thumbnailUrl\":\"https:\/\/store-gran-folies.s3.eu-west-1.amazonaws.com\/wp-content\/uploads\/2021\/03\/22093749\/about-us-v2-bg_usKTQ-MwM.jpg\",\"datePublished\":\"2021-04-11T16:04:17+00:00\",\"dateModified\":\"2021-04-11T16:04:18+00:00\",\"breadcrumb\":{\"@id\":\"https:\/\/store.beachclubgranfolies.com\/de\/ueber-uns\/#breadcrumb\"},\"inLanguage\":\"de\",\"potentialAction\":[{\"@type\":\"ReadAction\",\"target\":[\"https:\/\/store.beachclubgranfolies.com\/de\/ueber-uns\/\"]}]},{\"@type\":\"ImageObject\",\"inLanguage\":\"de\",\"@id\":\"https:\/\/store.beachclubgranfolies.com\/de\/ueber-uns\/#primaryimage\",\"url\":\"https:\/\/store-gran-folies.s3.eu-west-1.amazonaws.com\/wp-content\/uploads\/2021\/03\/22093749\/about-us-v2-bg_usKTQ-MwM.jpg\",\"contentUrl\":\"https:\/\/store-gran-folies.s3.eu-west-1.amazonaws.com\/wp-content\/uploads\/2021\/03\/22093749\/about-us-v2-bg_usKTQ-MwM.jpg\",\"width\":1920,\"height\":1080},{\"@type\":\"BreadcrumbList\",\"@id\":\"https:\/\/store.beachclubgranfolies.com\/de\/ueber-uns\/#breadcrumb\",\"itemListElement\":[{\"@type\":\"ListItem\",\"position\":1,\"name\":\"Portada\",\"item\":\"https:\/\/store.beachclubgranfolies.com\/de\/\"},{\"@type\":\"ListItem\",\"position\":2,\"name\":\"\u00dcber uns\"}]},{\"@type\":\"WebSite\",\"@id\":\"https:\/\/store.beachclubgranfolies.com\/#website\",\"url\":\"https:\/\/store.beachclubgranfolies.com\/\",\"name\":\"Store Beach Club Gran Folies\",\"description\":\"Beach Club Gran Folies es un beach club en Mallorca situado en Cala Llamp (Port d&#039;Andratx - Mallorca). Con bar - restaurante con piscina al lado del mar.\",\"potentialAction\":[{\"@type\":\"SearchAction\",\"target\":{\"@type\":\"EntryPoint\",\"urlTemplate\":\"https:\/\/store.beachclubgranfolies.com\/?s={search_term_string}\"},\"query-input\":{\"@type\":\"PropertyValueSpecification\",\"valueRequired\":true,\"valueName\":\"search_term_string\"}}],\"inLanguage\":\"de\"}]}<\/script>\n<!-- \/ Yoast SEO plugin. -->","yoast_head_json":{"title":"\u00dcber uns - Beach Club Gran Folies","robots":{"index":"index","follow":"follow","max-snippet":"max-snippet:-1","max-image-preview":"max-image-preview:large","max-video-preview":"max-video-preview:-1"},"canonical":"https:\/\/store.beachclubgranfolies.com\/de\/ueber-uns\/","og_locale":"de_DE","og_type":"article","og_title":"\u00dcber uns - Beach Club Gran Folies","og_description":"\u00dcber uns Willkommen im Beach Club Gran Folies Shop! Ein Raum, der den Lebensstil in unserem mediterranen Paradies widerspiegelt. Mit mehr als 20 Jahren einzigartiger Erlebnisse an der K\u00fcste von&hellip;","og_url":"https:\/\/store.beachclubgranfolies.com\/de\/ueber-uns\/","og_site_name":"Beach Club Gran Folies","article_publisher":"https:\/\/www.facebook.com\/beachclubgranfolies\/","article_modified_time":"2021-04-11T16:04:18+00:00","og_image":[{"width":1920,"height":1080,"url":"https:\/\/store-gran-folies.s3.eu-west-1.amazonaws.com\/wp-content\/uploads\/2021\/03\/22093749\/about-us-v2-bg_usKTQ-MwM.jpg","type":"image\/jpeg"}],"twitter_card":"summary_large_image","twitter_site":"@BGranFolies","schema":{"@context":"https:\/\/schema.org","@graph":[{"@type":"WebPage","@id":"https:\/\/store.beachclubgranfolies.com\/de\/ueber-uns\/","url":"https:\/\/store.beachclubgranfolies.com\/de\/ueber-uns\/","name":"\u00dcber uns - Beach Club Gran Folies","isPartOf":{"@id":"https:\/\/store.beachclubgranfolies.com\/#website"},"primaryImageOfPage":{"@id":"https:\/\/store.beachclubgranfolies.com\/de\/ueber-uns\/#primaryimage"},"image":{"@id":"https:\/\/store.beachclubgranfolies.com\/de\/ueber-uns\/#primaryimage"},"thumbnailUrl":"https:\/\/store-gran-folies.s3.eu-west-1.amazonaws.com\/wp-content\/uploads\/2021\/03\/22093749\/about-us-v2-bg_usKTQ-MwM.jpg","datePublished":"2021-04-11T16:04:17+00:00","dateModified":"2021-04-11T16:04:18+00:00","breadcrumb":{"@id":"https:\/\/store.beachclubgranfolies.com\/de\/ueber-uns\/#breadcrumb"},"inLanguage":"de","potentialAction":[{"@type":"ReadAction","target":["https:\/\/store.beachclubgranfolies.com\/de\/ueber-uns\/"]}]},{"@type":"ImageObject","inLanguage":"de","@id":"https:\/\/store.beachclubgranfolies.com\/de\/ueber-uns\/#primaryimage","url":"https:\/\/store-gran-folies.s3.eu-west-1.amazonaws.com\/wp-content\/uploads\/2021\/03\/22093749\/about-us-v2-bg_usKTQ-MwM.jpg","contentUrl":"https:\/\/store-gran-folies.s3.eu-west-1.amazonaws.com\/wp-content\/uploads\/2021\/03\/22093749\/about-us-v2-bg_usKTQ-MwM.jpg","width":1920,"height":1080},{"@type":"BreadcrumbList","@id":"https:\/\/store.beachclubgranfolies.com\/de\/ueber-uns\/#breadcrumb","itemListElement":[{"@type":"ListItem","position":1,"name":"Portada","item":"https:\/\/store.beachclubgranfolies.com\/de\/"},{"@type":"ListItem","position":2,"name":"\u00dcber uns"}]},{"@type":"WebSite","@id":"https:\/\/store.beachclubgranfolies.com\/#website","url":"https:\/\/store.beachclubgranfolies.com\/","name":"Store Beach Club Gran Folies","description":"Beach Club Gran Folies es un beach club en Mallorca situado en Cala Llamp (Port d&#039;Andratx - Mallorca). Con bar - restaurante con piscina al lado del mar.","potentialAction":[{"@type":"SearchAction","target":{"@type":"EntryPoint","urlTemplate":"https:\/\/store.beachclubgranfolies.com\/?s={search_term_string}"},"query-input":{"@type":"PropertyValueSpecification","valueRequired":true,"valueName":"search_term_string"}}],"inLanguage":"de"}]}},"uagb_featured_image_src":{"full":["https:\/\/store-gran-folies.s3.eu-west-1.amazonaws.com\/wp-content\/uploads\/2021\/03\/22093749\/about-us-v2-bg_usKTQ-MwM.jpg",1920,1080,false],"thumbnail":["https:\/\/store-gran-folies.s3.eu-west-1.amazonaws.com\/wp-content\/uploads\/2021\/03\/22093749\/about-us-v2-bg_usKTQ-MwM-150x150.jpg",150,150,true],"medium":["https:\/\/store-gran-folies.s3.eu-west-1.amazonaws.com\/wp-content\/uploads\/2021\/03\/22093749\/about-us-v2-bg_usKTQ-MwM-300x169.jpg",300,169,true],"medium_large":["https:\/\/store-gran-folies.s3.eu-west-1.amazonaws.com\/wp-content\/uploads\/2021\/03\/22093749\/about-us-v2-bg_usKTQ-MwM-768x432.jpg",640,360,true],"large":["https:\/\/store-gran-folies.s3.eu-west-1.amazonaws.com\/wp-content\/uploads\/2021\/03\/22093749\/about-us-v2-bg_usKTQ-MwM-1024x576.jpg",640,360,true],"1536x1536":["https:\/\/store-gran-folies.s3.eu-west-1.amazonaws.com\/wp-content\/uploads\/2021\/03\/22093749\/about-us-v2-bg_usKTQ-MwM-1536x864.jpg",1536,864,true],"2048x2048":["https:\/\/store-gran-folies.s3.eu-west-1.amazonaws.com\/wp-content\/uploads\/2021\/03\/22093749\/about-us-v2-bg_usKTQ-MwM.jpg",1920,1080,false],"post-thumbnail":["https:\/\/store-gran-folies.s3.eu-west-1.amazonaws.com\/wp-content\/uploads\/2021\/03\/22093749\/about-us-v2-bg_usKTQ-MwM-100x100.jpg",100,100,true],"sober-blog-thumbnail":["https:\/\/store-gran-folies.s3.eu-west-1.amazonaws.com\/wp-content\/uploads\/2021\/03\/22093749\/about-us-v2-bg_usKTQ-MwM-750x480.jpg",750,480,true],"sober-blog-grid":["https:\/\/store-gran-folies.s3.eu-west-1.amazonaws.com\/wp-content\/uploads\/2021\/03\/22093749\/about-us-v2-bg_usKTQ-MwM-360x240.jpg",360,240,true],"sober-widget-thumbnail":["https:\/\/store-gran-folies.s3.eu-west-1.amazonaws.com\/wp-content\/uploads\/2021\/03\/22093749\/about-us-v2-bg_usKTQ-MwM-100x100.jpg",100,100,true],"woocommerce_thumbnail":["https:\/\/store-gran-folies.s3.eu-west-1.amazonaws.com\/wp-content\/uploads\/2021\/03\/22093749\/about-us-v2-bg_usKTQ-MwM-500x500.jpg",500,500,true],"woocommerce_single":["https:\/\/store-gran-folies.s3.eu-west-1.amazonaws.com\/wp-content\/uploads\/2021\/03\/22093749\/about-us-v2-bg_usKTQ-MwM-600x338.jpg",600,338,true],"woocommerce_gallery_thumbnail":["https:\/\/store-gran-folies.s3.eu-west-1.amazonaws.com\/wp-content\/uploads\/2021\/03\/22093749\/about-us-v2-bg_usKTQ-MwM-80x100.jpg",80,100,true],"sober_wc_gallery_thumbnail":["https:\/\/store-gran-folies.s3.eu-west-1.amazonaws.com\/wp-content\/uploads\/2021\/03\/22093749\/about-us-v2-bg_usKTQ-MwM-160x200.jpg",160,200,true]},"uagb_author_info":{"display_name":"administrador","author_link":"https:\/\/store.beachclubgranfolies.com\/de\/author\/administrador\/"},"uagb_comment_info":0,"uagb_excerpt":"\u00dcber uns Willkommen im Beach Club Gran Folies Shop! Ein Raum, der den Lebensstil in unserem mediterranen Paradies widerspiegelt. Mit mehr als 20 Jahren einzigartiger Erlebnisse an der K\u00fcste von&hellip;","_links":{"self":[{"href":"https:\/\/store.beachclubgranfolies.com\/de\/wp-json\/wp\/v2\/pages\/511","targetHints":{"allow":["GET"]}}],"collection":[{"href":"https:\/\/store.beachclubgranfolies.com\/de\/wp-json\/wp\/v2\/pages"}],"about":[{"href":"https:\/\/store.beachclubgranfolies.com\/de\/wp-json\/wp\/v2\/types\/page"}],"author":[{"embeddable":true,"href":"https:\/\/store.beachclubgranfolies.com\/de\/wp-json\/wp\/v2\/users\/1"}],"replies":[{"embeddable":true,"href":"https:\/\/store.beachclubgranfolies.com\/de\/wp-json\/wp\/v2\/comments?post=511"}],"version-history":[{"count":1,"href":"https:\/\/store.beachclubgranfolies.com\/de\/wp-json\/wp\/v2\/pages\/511\/revisions"}],"predecessor-version":[{"id":512,"href":"https:\/\/store.beachclubgranfolies.com\/de\/wp-json\/wp\/v2\/pages\/511\/revisions\/512"}],"wp:featuredmedia":[{"embeddable":true,"href":"https:\/\/store.beachclubgranfolies.com\/de\/wp-json\/wp\/v2\/media\/370"}],"wp:attachment":[{"href":"https:\/\/store.beachclubgranfolies.com\/de\/wp-json\/wp\/v2\/media?parent=511"}],"curies":[{"name":"wp","href":"https:\/\/api.w.org\/{rel}","templated":true}]}}