{"id":1554,"date":"2021-05-22T15:34:17","date_gmt":"2021-05-22T15:34:17","guid":{"rendered":"http:\/\/store.beachclubgranfolies.com\/hinweise-zum-datenschutz\/"},"modified":"2021-05-22T15:34:17","modified_gmt":"2021-05-22T15:34:17","slug":"hinweise-zum-datenschutz","status":"publish","type":"page","link":"https:\/\/store.beachclubgranfolies.com\/de\/hinweise-zum-datenschutz\/","title":{"rendered":"Hinweise zum Datenschutz"},"content":{"rendered":"\t\t<div data-elementor-type=\"wp-page\" data-elementor-id=\"1554\" class=\"elementor elementor-1554 elementor-3\" data-elementor-post-type=\"page\">\n\t\t\t\t\t\t<section class=\"elementor-section elementor-top-section elementor-element elementor-element-dddadbb elementor-section-boxed elementor-section-height-default elementor-section-height-default\" data-id=\"dddadbb\" data-element_type=\"section\">\n\t\t\t\t\t\t<div class=\"elementor-container elementor-column-gap-default\">\n\t\t\t\t\t<div class=\"elementor-column elementor-col-100 elementor-top-column elementor-element elementor-element-180071bb\" data-id=\"180071bb\" data-element_type=\"column\">\n\t\t\t<div class=\"elementor-widget-wrap elementor-element-populated\">\n\t\t\t\t\t\t<div class=\"elementor-element elementor-element-6f4a495a elementor-widget elementor-widget-text-editor\" data-id=\"6f4a495a\" data-element_type=\"widget\" data-widget_type=\"text-editor.default\">\n\t\t\t\t<div class=\"elementor-widget-container\">\n\t\t\t\t\t\t\t\t\t<h3>Datos del propietario de la web:<\/h3>\n<p><a href=\"https:\/\/store-gran-folies.s3.eu-west-1.amazonaws.com\/wp-content\/uploads\/2021\/05\/22153056\/aviso-legal-1-1.jpg\"><img fetchpriority=\"high\" decoding=\"async\" class=\"alignnone wp-image-1545 size-full\" style=\"max-width: 100%;\" src=\"https:\/\/store-gran-folies.s3.eu-west-1.amazonaws.com\/wp-content\/uploads\/2021\/05\/22153056\/aviso-legal-1-1.jpg\" alt=\"\" width=\"619\" height=\"267\" srcset=\"https:\/\/store-gran-folies.s3.eu-west-1.amazonaws.com\/wp-content\/uploads\/2021\/05\/22153056\/aviso-legal-1-1.jpg 619w, https:\/\/store-gran-folies.s3.eu-west-1.amazonaws.com\/wp-content\/uploads\/2021\/05\/22153056\/aviso-legal-1-1-600x259.jpg 600w, https:\/\/store-gran-folies.s3.eu-west-1.amazonaws.com\/wp-content\/uploads\/2021\/05\/22153056\/aviso-legal-1-1-300x129.jpg 300w\" sizes=\"(max-width: 619px) 100vw, 619px\" \/><\/a><\/p>\n<h3>Protecci\u00f3n de datos<\/h3>\n<p>De conformidad con la normativa vigente y aplicable en protecci\u00f3n de datos de car\u00e1cter personal, le informamos que sus datos ser\u00e1n incorporados al sistema de tratamiento titularidad de TURISTICA ANTEL SL con NIF B57076580 y domicilio social sito en CENTRO COMERCIAL SES VELES 22 07157, PORT D&#8217;ANDRATX (ILLES BALEARS), y que a continuaci\u00f3n se relacionan sus respectivas finalidades, plazos de conservaci\u00f3n y bases legitimadoras. Para aquellos tratamientos que lo requieran, se informa tambi\u00e9n de la posible elaboraci\u00f3n de perfiles y decisiones automatizadas, as\u00ed como las posibles cesiones y las transferencias internacionales que TURISTICA ANTEL SL tiene previsto realizar:<\/p>\n<table style=\"width: 100%;\" border=\"0\" cellspacing=\"0\" cellpadding=\"0\">\n<tbody>\n<tr>\n<td>\u00a0<\/td>\n<td><strong>TRATAMIENTOS REALIZADOS<\/strong><\/td>\n<\/tr>\n<tr>\n<td><strong>Gesti\u00f3n de la p\u00e1gina web<\/strong><\/td>\n<td>\n<p><strong>Finalidad: <\/strong>Tratamiento y gesti\u00f3n de los datos necesarios para la funcionalidad de la p\u00e1gina web<\/p>\n<p><strong>Plazo de conservaci\u00f3n: <\/strong>mientras perdure el consentimiento prestado<\/p>\n<p><strong>Base leg\u00edtima: <\/strong>El consentimiento del interesado<\/p>\n<p><strong>Tipolog\u00eda de Datos:<\/strong> Datos meramente identificativos<\/p>\n<p><strong>Cesiones: <\/strong>No se prev\u00e9n<\/p>\n<p><strong>Transferencias internacionales:<\/strong> No se prev\u00e9n<\/p>\n<p><strong>Elaboraciones de perfiles:<\/strong> No se prev\u00e9n<\/p>\n<\/td>\n<\/tr>\n<tr>\n<td><strong>Formulario web<\/strong><\/td>\n<td>\n<p><strong>Finalidad:<\/strong> Atender sus consultas y\/o solicitudes<\/p>\n<p><strong>Plazo de conservaci\u00f3n:<\/strong> mientras se mantenga el consentimiento prestado.<\/p>\n<p><strong>Base leg\u00edtima:<\/strong> El consentimiento del interesado<\/p>\n<p><strong>Tipolog\u00eda de Datos:<\/strong> Datos meramente identificativos<\/p>\n<p><strong>Cesiones:<\/strong> Ninguna<\/p>\n<p><strong>Transferencias internacionales:<\/strong> No se prev\u00e9n<\/p>\n<p><strong>Elaboraciones de perfiles: <\/strong>No se prev\u00e9n<\/p>\n<\/td>\n<\/tr>\n<tr>\n<td><strong>Gesti\u00f3n del cumplimiento normativo<\/strong><\/td>\n<td>\n<p><strong>Finalidad:<\/strong> Gesti\u00f3n y tramitaci\u00f3n de las obligaciones y deberes que se deriven del cumplimiento de la normativa a la cual est\u00e1 sujeta la entidad<\/p>\n<p><strong>Plazo de conservaci\u00f3n:<\/strong> conservaci\u00f3n de las copias de los documentos hasta que prescriban las acciones para reclamarle una posible responsabilidad<\/p>\n<p><strong>Base leg\u00edtima:<\/strong> El cumplimiento de una ley<\/p>\n<p><strong>Tipolog\u00eda de Datos:<\/strong> Datos meramente identificativos<\/p>\n<p><strong>Cesiones: <\/strong>sus datos ser\u00e1n comunicados en caso de ser necesario a Organismos y\/o administraci\u00f3n p\u00fablica con competencia en la materia con la finalidad de cumplir con las obligaciones establecidas en la normativa aplicable. Adem\u00e1s, se informa que la base legitimadora de la cesi\u00f3n es cumplir con las obligaciones establecidas en la normativa aplicable<\/p>\n<p><strong>Transferencias internacionales: <\/strong>No se prev\u00e9n<\/p>\n<p><strong>Elaboraciones de perfiles:<\/strong> No se prev\u00e9n<\/p>\n<\/td>\n<\/tr>\n<tr>\n<td><strong>Newsletters<\/strong><\/td>\n<td>\n<p><strong>Finalidad: <\/strong>Captaci\u00f3n, registro y tratamiento de datos con finalidades de marketing para realizar el env\u00edo correspondiente a la Newsletter a la cual se ha subscrito<\/p>\n<p><strong>Plazo de conservaci\u00f3n: <\/strong>mientras se mantenga el consentimiento prestado<\/p>\n<p><strong>Base leg\u00edtima:<\/strong> El consentimiento del interesado<\/p>\n<p><strong>Tipolog\u00eda de Datos<\/strong>: Datos meramente identificativos<\/p>\n<p><strong>Cesiones<\/strong>: Ninguna<\/p>\n<p><strong>Transferencias internacionales: <\/strong>No se prev\u00e9n<\/p>\n<p><strong>Elaboraciones de perfiles:<\/strong> No se prev\u00e9n<\/p>\n<\/td>\n<\/tr>\n<tr>\n<td><strong>Acciones Comerciales<\/strong><\/td>\n<td>\n<p><strong>Finalidad: <\/strong>Captaci\u00f3n, registro y tratamiento de datos con finalidades de publicidad y prospecci\u00f3n comercial de nuestros productos y\/o servicios<\/p>\n<p><strong>Plazo de conservaci\u00f3n<\/strong>: mientras se mantenga el consentimiento prestado<\/p>\n<p><strong>Base leg\u00edtima:<\/strong> El consentimiento del interesado<\/p>\n<p><strong>Tipolog\u00eda de Datos:<\/strong> Datos meramente identificativos<\/p>\n<p><strong>Cesiones: <\/strong>Ninguna<\/p>\n<p><strong>Transferencias internacionales: <\/strong>No se prev\u00e9n<\/p>\n<p><strong>Elaboraciones de perfiles:<\/strong> No se prev\u00e9n<\/p>\n<\/td>\n<\/tr>\n<tr>\n<td><strong>Gesti\u00f3n de la contrataci\u00f3n de servicios<\/strong><\/td>\n<td>\n<p><strong>Finalidad:<\/strong> Captaci\u00f3n, registro y tratamiento de datos con la finalidad de gestionar su compra, as\u00ed como para el correcto desarrollo, cumplimiento y ejecuci\u00f3n del contrato entre ambas partes<\/p>\n<p><strong>Plazo de conservaci\u00f3n:<\/strong> durante el plazo necesario para gestionar la compra de los productos o servicios adquiridos incluyendo posibles devoluciones, quejas o reclamaciones asociadas a la compra del producto o servicio en particular<\/p>\n<p><strong>Base leg\u00edtima: <\/strong>La ejecuci\u00f3n de un contrato<\/p>\n<p><strong>Tipolog\u00eda de Datos:<\/strong> Datos meramente identificativos<\/p>\n<p><strong>Cesiones:<\/strong> sus datos podr\u00e1n ser comunicados en caso de ser necesario a empresas que subvencionen los concursos, premios y\/o promociones<\/p>\n<p><strong>Transferencias internacionales:<\/strong> No se prev\u00e9n<\/p>\n<p><strong>Elaboraciones de perfiles: <\/strong>No se prev\u00e9n<\/p>\n<\/td>\n<\/tr>\n<tr>\n<td><strong>Gesti\u00f3n econ\u00f3mica y administrativa<\/strong><\/td>\n<td>\n<p><strong>Finalidad: <\/strong>Gesti\u00f3n administrativa, facturaci\u00f3n, contabilidad y obligaciones legales<\/p>\n<p><strong>Plazo de conservaci\u00f3n:<\/strong> 5 a\u00f1os en cumplimiento de la ley tributaria y 10 a\u00f1os la documentaci\u00f3n fiscal en cumplimiento de la L.O.7\/2012 Base leg\u00edtima: El consentimiento del interesado<\/p>\n<p><strong>Tipolog\u00eda de Datos:<\/strong> Datos meramente identificativos<\/p>\n<p><strong>Cesiones: <\/strong>sus datos ser\u00e1n comunicados en caso de ser necesario a Agencia Tributaria, Bancos, Cajas y Organismos y\/o administraci\u00f3n p\u00fablica con competencia en la materia con la finalidad de cumplir con las obligaciones tributarias y fiscales establecidas en la normativa aplicable. Adem\u00e1s, se informa que la base legitimadora de la cesi\u00f3n es cumplir con las obligaciones establecidas en la normativa aplicable<\/p>\n<p><strong>Transferencias internacionales:<\/strong> No se prev\u00e9n<\/p>\n<p><strong>Elaboraciones de perfiles:<\/strong> No se prev\u00e9n<\/p>\n<\/td>\n<\/tr>\n<tr>\n<td><strong>Gesti\u00f3n Bolsa de empleo<\/strong><\/td>\n<td>\n<p><strong>Finalidad: <\/strong>Registro y tratamiento de datos de candidatos para finalidades de selecci\u00f3n de personal referentes a puestos de trabajo vacantes de las entidades colaboradoras y gesti\u00f3n de la bolsa de empleo<\/p>\n<p><strong>Plazo de conservaci\u00f3n: <\/strong>mientras perdure el consentimiento prestado Base leg\u00edtima: El consentimiento del interesado<\/p>\n<p><strong>Tipolog\u00eda de Datos:<\/strong> Datos meramente identificativos<\/p>\n<p><strong>Cesiones:<\/strong> sus datos ser\u00e1n comunicados en caso de ser necesario a Entidades Colaboradoras con la finalidad de gestionar la bolsa de empleo y trasladar la candidatura a la empresa colaboradora. Adem\u00e1s, se informa que la base legitimadora de la cesi\u00f3n es su consentimiento<\/p>\n<p><strong>Transferencias internacionales:<\/strong> No se prev\u00e9n<\/p>\n<p><strong>Elaboraciones de perfiles: <\/strong>No se prev\u00e9n<\/p>\n<\/td>\n<\/tr>\n<\/tbody>\n<\/table>\n<h3>Derechos de los interesados<\/h3>\n<p>TURISTICA ANTEL SL informa a los Usuarios que, podr\u00e1 ejercer los derechos de acceso, rectificaci\u00f3n, limitaci\u00f3n, supresi\u00f3n, portabilidad y oposici\u00f3n al tratamiento de sus datos de car\u00e1cter personal ante el Responsable del Tratamiento, as\u00ed como a la retirada del consentimiento prestado.<\/p>\n<ul>\n<li><strong>Derecho de Acceso: <\/strong>Es el derecho del usuario a obtener informaci\u00f3n sobre sus datos concretos de car\u00e1cter personal y del tratamiento que se haya realizado o realice, as\u00ed como de la informaci\u00f3n disponible sobre el origen de dichos datos y las comunicaciones realizadas o previstas de los mismos.<\/li>\n<li><strong>Derecho de Rectificaci\u00f3n:<\/strong> Es el derecho del afectado a que se modifiquen los datos que resulten ser inexactos o incompletos. S\u00f3lo podr\u00e1 satisfacerse en relaci\u00f3n a aquella informaci\u00f3n que se encuentre bajo el control de TURISTICA ANTEL SL, por ejemplo, eliminar comentarios publicados en la propia p\u00e1gina, im\u00e1genes o contenidos web donde consten datos de car\u00e1cter personal del usuario.<\/li>\n<li><strong>Derecho a la Limitaci\u00f3n de tratamiento: <\/strong>Es el derecho a que se limiten los fines del tratamiento previstos de forma original por el responsable del tratamiento.<\/li>\n<li><strong>Derecho de Supresi\u00f3n:<\/strong> Es el derecho a suprimir los datos de car\u00e1cter personal del usuario, a excepci\u00f3n de lo previsto en el propio RGPD o en otras normativas aplicables que determinen la obligatoriedad de la conservaci\u00f3n de los mismos, en tiempo y forma.<\/li>\n<li><strong>Derecho de portabilidad:<\/strong> El derecho a recibir los datos personales que el usuario, haya facilitado, en un formato estructurado, de uso com\u00fan y lectura mec\u00e1nica, y a transmitirlos a otro responsable.<\/li>\n<li><strong>Derecho de Oposici\u00f3n: <\/strong>Es el derecho del usuario a que no se lleve a cabo el tratamiento de sus datos de car\u00e1cter personal o se cese el tratamiento de los mismos por parte de TURISTICA ANTEL SL.<\/li>\n<\/ul>\n<p>Para poder ejercer cualquiera de los derechos descritos anteriormente deber\u00e1 cumplir con los siguientes requisitos:<\/p>\n<ul>\n<li>Presentaci\u00f3n de un escrito a la direcci\u00f3n CENTRO COMERCIAL SES VELES 22 07157, PORT D&#8217;ANDRATX (ILLES BALEARS) (a la atenci\u00f3n de TURISTICA ANTEL SL) o bien a trav\u00e9s del correo electr\u00f3nico <a href=\"mailto:info@beachclubgranfolies.com.\">info@beachclubgranfolies.com.<\/a><\/li>\n<li>El escrito remitido por el titular de los datos que solicite el ejercicio deber\u00e1 de cumplir los siguientes requisitos legales:\n<ul>\n<li>\u200b\u200bNombre, apellidos del interesado y copia del DNI\/NIE o cualquier documento identificativo. En los excepcionales casos en que se admita la representaci\u00f3n, ser\u00e1 tambi\u00e9n necesaria la identificaci\u00f3n por el mismo medio de la persona que le representa, as\u00ed como el documento acreditativo de la representaci\u00f3n. La fotocopia del DNI podr\u00e1 ser sustituida siempre que se acredite la identidad por cualquier otro medio v\u00e1lido en derecho.<\/li>\n<li>Petici\u00f3n en que se concreta la solicitud. (Ejercicio en el que se solicita la informaci\u00f3n a la que se quiere acceder). Si no hace referencia a un fichero concreto se le facilitar\u00e1 toda la informaci\u00f3n que se tenga con sus datos de car\u00e1cter personal. Si solicita informaci\u00f3n de un fichero en concreto, s\u00f3lo la informaci\u00f3n de este fichero. Si solicita informaci\u00f3n relativa a un tercero nunca se podr\u00e1 facilitar. Si lo solicita por tel\u00e9fono se le indicar\u00e1 que lo haga por escrito y se le informar\u00e1 de c\u00f3mo lo puede hacer y la direcci\u00f3n a la que tiene que enviarlo. Nunca se le dar\u00e1 informaci\u00f3n por tel\u00e9fono.<\/li>\n<li>Domicilio a efectos de notificaciones.<\/li>\n<li>Fecha y firma del solicitante.<\/li>\n<li>Documentos acreditativos de la petici\u00f3n que formula.<\/li>\n<li>El interesado debe utilizar cualquier medio que permita acreditar el env\u00edo y la recepci\u00f3n de la solicitud.<\/li>\n<\/ul>\n<\/li>\n<\/ul>\n<p>Por \u00faltimo, le informamos que Usted tiene derecho a presentar una reclamaci\u00f3n ante la Agencia Espa\u00f1ola de Protecci\u00f3n de Datos en caso de que tenga conocimiento o considere que un hecho pueda suponer un incumplimiento de la normativa aplicable en materia de protecci\u00f3n de datos.<\/p>\n<p>TURISTICA ANTEL SL se compromete a adoptar las medidas t\u00e9cnicas y organizativas necesarias, acorde al nivel de riesgos que acompa\u00f1an los tratamientos realizados por \u00e9stas e indicados en el apartado de los t\u00e9rminos y condiciones de uso, de forma que garanticen su integridad, confidencialidad y disponibilidad.<\/p>\n<p><strong>\u00daLTIMA ACTUALIZACI\u00d3N: 4 de febrero de 2021<\/strong><\/p>\n\t\t\t\t\t\t\t\t<\/div>\n\t\t\t\t<\/div>\n\t\t\t\t\t<\/div>\n\t\t<\/div>\n\t\t\t\t\t<\/div>\n\t\t<\/section>\n\t\t\t\t<\/div>\n\t\t","protected":false},"excerpt":{"rendered":"<p>Datos del propietario de la web: Protecci\u00f3n de datos De conformidad con la normativa vigente y aplicable en protecci\u00f3n de datos de car\u00e1cter personal, le informamos que sus datos ser\u00e1n&hellip;<\/p>\n","protected":false},"author":1,"featured_media":0,"parent":0,"menu_order":0,"comment_status":"closed","ping_status":"open","template":"","meta":{"_uag_custom_page_level_css":"","footnotes":""},"class_list":["post-1554","page","type-page","status-publish","hentry"],"yoast_head":"<!-- This site is optimized with the Yoast SEO plugin v25.8 - https:\/\/yoast.com\/wordpress\/plugins\/seo\/ -->\n<title>Hinweise zum Datenschutz - Beach Club Gran Folies<\/title>\n<meta name=\"robots\" content=\"index, follow, max-snippet:-1, max-image-preview:large, max-video-preview:-1\" \/>\n<link rel=\"canonical\" href=\"https:\/\/store.beachclubgranfolies.com\/de\/hinweise-zum-datenschutz\/\" \/>\n<meta property=\"og:locale\" content=\"de_DE\" \/>\n<meta property=\"og:type\" content=\"article\" \/>\n<meta property=\"og:title\" content=\"Hinweise zum Datenschutz - Beach Club Gran Folies\" \/>\n<meta property=\"og:description\" content=\"Datos del propietario de la web: Protecci\u00f3n de datos De conformidad con la normativa vigente y aplicable en protecci\u00f3n de datos de car\u00e1cter personal, le informamos que sus datos ser\u00e1n&hellip;\" \/>\n<meta property=\"og:url\" content=\"https:\/\/store.beachclubgranfolies.com\/de\/hinweise-zum-datenschutz\/\" \/>\n<meta property=\"og:site_name\" content=\"Beach Club Gran Folies\" \/>\n<meta property=\"article:publisher\" content=\"https:\/\/www.facebook.com\/beachclubgranfolies\/\" \/>\n<meta property=\"og:image\" content=\"http:\/\/store.beachclubgranfolies.com\/wp-content\/uploads\/2021\/05\/aviso-legal-1-1.jpg\" \/>\n<meta name=\"twitter:card\" content=\"summary_large_image\" \/>\n<meta name=\"twitter:site\" content=\"@BGranFolies\" \/>\n<meta name=\"twitter:label1\" content=\"Gesch\u00e4tzte Lesezeit\" \/>\n\t<meta name=\"twitter:data1\" content=\"8\u00a0Minuten\" \/>\n<script type=\"application\/ld+json\" class=\"yoast-schema-graph\">{\"@context\":\"https:\/\/schema.org\",\"@graph\":[{\"@type\":\"WebPage\",\"@id\":\"https:\/\/store.beachclubgranfolies.com\/de\/hinweise-zum-datenschutz\/\",\"url\":\"https:\/\/store.beachclubgranfolies.com\/de\/hinweise-zum-datenschutz\/\",\"name\":\"Hinweise zum Datenschutz - Beach Club Gran Folies\",\"isPartOf\":{\"@id\":\"https:\/\/store.beachclubgranfolies.com\/#website\"},\"primaryImageOfPage\":{\"@id\":\"https:\/\/store.beachclubgranfolies.com\/de\/hinweise-zum-datenschutz\/#primaryimage\"},\"image\":{\"@id\":\"https:\/\/store.beachclubgranfolies.com\/de\/hinweise-zum-datenschutz\/#primaryimage\"},\"thumbnailUrl\":\"http:\/\/store.beachclubgranfolies.com\/wp-content\/uploads\/2021\/05\/aviso-legal-1-1.jpg\",\"datePublished\":\"2021-05-22T15:34:17+00:00\",\"breadcrumb\":{\"@id\":\"https:\/\/store.beachclubgranfolies.com\/de\/hinweise-zum-datenschutz\/#breadcrumb\"},\"inLanguage\":\"de\",\"potentialAction\":[{\"@type\":\"ReadAction\",\"target\":[\"https:\/\/store.beachclubgranfolies.com\/de\/hinweise-zum-datenschutz\/\"]}]},{\"@type\":\"ImageObject\",\"inLanguage\":\"de\",\"@id\":\"https:\/\/store.beachclubgranfolies.com\/de\/hinweise-zum-datenschutz\/#primaryimage\",\"url\":\"http:\/\/store.beachclubgranfolies.com\/wp-content\/uploads\/2021\/05\/aviso-legal-1-1.jpg\",\"contentUrl\":\"http:\/\/store.beachclubgranfolies.com\/wp-content\/uploads\/2021\/05\/aviso-legal-1-1.jpg\"},{\"@type\":\"BreadcrumbList\",\"@id\":\"https:\/\/store.beachclubgranfolies.com\/de\/hinweise-zum-datenschutz\/#breadcrumb\",\"itemListElement\":[{\"@type\":\"ListItem\",\"position\":1,\"name\":\"Portada\",\"item\":\"https:\/\/store.beachclubgranfolies.com\/de\/\"},{\"@type\":\"ListItem\",\"position\":2,\"name\":\"Hinweise zum Datenschutz\"}]},{\"@type\":\"WebSite\",\"@id\":\"https:\/\/store.beachclubgranfolies.com\/#website\",\"url\":\"https:\/\/store.beachclubgranfolies.com\/\",\"name\":\"Store Beach Club Gran Folies\",\"description\":\"Beach Club Gran Folies es un beach club en Mallorca situado en Cala Llamp (Port d&#039;Andratx - Mallorca). Con bar - restaurante con piscina al lado del mar.\",\"potentialAction\":[{\"@type\":\"SearchAction\",\"target\":{\"@type\":\"EntryPoint\",\"urlTemplate\":\"https:\/\/store.beachclubgranfolies.com\/?s={search_term_string}\"},\"query-input\":{\"@type\":\"PropertyValueSpecification\",\"valueRequired\":true,\"valueName\":\"search_term_string\"}}],\"inLanguage\":\"de\"}]}<\/script>\n<!-- \/ Yoast SEO plugin. -->","yoast_head_json":{"title":"Hinweise zum Datenschutz - Beach Club Gran Folies","robots":{"index":"index","follow":"follow","max-snippet":"max-snippet:-1","max-image-preview":"max-image-preview:large","max-video-preview":"max-video-preview:-1"},"canonical":"https:\/\/store.beachclubgranfolies.com\/de\/hinweise-zum-datenschutz\/","og_locale":"de_DE","og_type":"article","og_title":"Hinweise zum Datenschutz - Beach Club Gran Folies","og_description":"Datos del propietario de la web: Protecci\u00f3n de datos De conformidad con la normativa vigente y aplicable en protecci\u00f3n de datos de car\u00e1cter personal, le informamos que sus datos ser\u00e1n&hellip;","og_url":"https:\/\/store.beachclubgranfolies.com\/de\/hinweise-zum-datenschutz\/","og_site_name":"Beach Club Gran Folies","article_publisher":"https:\/\/www.facebook.com\/beachclubgranfolies\/","og_image":[{"url":"http:\/\/store.beachclubgranfolies.com\/wp-content\/uploads\/2021\/05\/aviso-legal-1-1.jpg","type":"","width":"","height":""}],"twitter_card":"summary_large_image","twitter_site":"@BGranFolies","twitter_misc":{"Gesch\u00e4tzte Lesezeit":"8\u00a0Minuten"},"schema":{"@context":"https:\/\/schema.org","@graph":[{"@type":"WebPage","@id":"https:\/\/store.beachclubgranfolies.com\/de\/hinweise-zum-datenschutz\/","url":"https:\/\/store.beachclubgranfolies.com\/de\/hinweise-zum-datenschutz\/","name":"Hinweise zum Datenschutz - Beach Club Gran Folies","isPartOf":{"@id":"https:\/\/store.beachclubgranfolies.com\/#website"},"primaryImageOfPage":{"@id":"https:\/\/store.beachclubgranfolies.com\/de\/hinweise-zum-datenschutz\/#primaryimage"},"image":{"@id":"https:\/\/store.beachclubgranfolies.com\/de\/hinweise-zum-datenschutz\/#primaryimage"},"thumbnailUrl":"http:\/\/store.beachclubgranfolies.com\/wp-content\/uploads\/2021\/05\/aviso-legal-1-1.jpg","datePublished":"2021-05-22T15:34:17+00:00","breadcrumb":{"@id":"https:\/\/store.beachclubgranfolies.com\/de\/hinweise-zum-datenschutz\/#breadcrumb"},"inLanguage":"de","potentialAction":[{"@type":"ReadAction","target":["https:\/\/store.beachclubgranfolies.com\/de\/hinweise-zum-datenschutz\/"]}]},{"@type":"ImageObject","inLanguage":"de","@id":"https:\/\/store.beachclubgranfolies.com\/de\/hinweise-zum-datenschutz\/#primaryimage","url":"http:\/\/store.beachclubgranfolies.com\/wp-content\/uploads\/2021\/05\/aviso-legal-1-1.jpg","contentUrl":"http:\/\/store.beachclubgranfolies.com\/wp-content\/uploads\/2021\/05\/aviso-legal-1-1.jpg"},{"@type":"BreadcrumbList","@id":"https:\/\/store.beachclubgranfolies.com\/de\/hinweise-zum-datenschutz\/#breadcrumb","itemListElement":[{"@type":"ListItem","position":1,"name":"Portada","item":"https:\/\/store.beachclubgranfolies.com\/de\/"},{"@type":"ListItem","position":2,"name":"Hinweise zum Datenschutz"}]},{"@type":"WebSite","@id":"https:\/\/store.beachclubgranfolies.com\/#website","url":"https:\/\/store.beachclubgranfolies.com\/","name":"Store Beach Club Gran Folies","description":"Beach Club Gran Folies es un beach club en Mallorca situado en Cala Llamp (Port d&#039;Andratx - Mallorca). Con bar - restaurante con piscina al lado del mar.","potentialAction":[{"@type":"SearchAction","target":{"@type":"EntryPoint","urlTemplate":"https:\/\/store.beachclubgranfolies.com\/?s={search_term_string}"},"query-input":{"@type":"PropertyValueSpecification","valueRequired":true,"valueName":"search_term_string"}}],"inLanguage":"de"}]}},"uagb_featured_image_src":{"full":false,"thumbnail":false,"medium":false,"medium_large":false,"large":false,"1536x1536":false,"2048x2048":false,"post-thumbnail":false,"sober-blog-thumbnail":false,"sober-blog-grid":false,"sober-widget-thumbnail":false,"woocommerce_thumbnail":false,"woocommerce_single":false,"woocommerce_gallery_thumbnail":false,"sober_wc_gallery_thumbnail":false},"uagb_author_info":{"display_name":"administrador","author_link":"https:\/\/store.beachclubgranfolies.com\/de\/author\/administrador\/"},"uagb_comment_info":0,"uagb_excerpt":"Datos del propietario de la web: Protecci\u00f3n de datos De conformidad con la normativa vigente y aplicable en protecci\u00f3n de datos de car\u00e1cter personal, le informamos que sus datos ser\u00e1n&hellip;","_links":{"self":[{"href":"https:\/\/store.beachclubgranfolies.com\/de\/wp-json\/wp\/v2\/pages\/1554","targetHints":{"allow":["GET"]}}],"collection":[{"href":"https:\/\/store.beachclubgranfolies.com\/de\/wp-json\/wp\/v2\/pages"}],"about":[{"href":"https:\/\/store.beachclubgranfolies.com\/de\/wp-json\/wp\/v2\/types\/page"}],"author":[{"embeddable":true,"href":"https:\/\/store.beachclubgranfolies.com\/de\/wp-json\/wp\/v2\/users\/1"}],"replies":[{"embeddable":true,"href":"https:\/\/store.beachclubgranfolies.com\/de\/wp-json\/wp\/v2\/comments?post=1554"}],"version-history":[{"count":1,"href":"https:\/\/store.beachclubgranfolies.com\/de\/wp-json\/wp\/v2\/pages\/1554\/revisions"}],"predecessor-version":[{"id":1555,"href":"https:\/\/store.beachclubgranfolies.com\/de\/wp-json\/wp\/v2\/pages\/1554\/revisions\/1555"}],"wp:attachment":[{"href":"https:\/\/store.beachclubgranfolies.com\/de\/wp-json\/wp\/v2\/media?parent=1554"}],"curies":[{"name":"wp","href":"https:\/\/api.w.org\/{rel}","templated":true}]}}